{"id":1420,"date":"2023-12-31T17:57:28","date_gmt":"2023-12-31T16:57:28","guid":{"rendered":"https:\/\/zrob-swiece.pl\/?page_id=1420"},"modified":"2023-12-31T18:05:26","modified_gmt":"2023-12-31T17:05:26","slug":"informacja-o-cookies","status":"publish","type":"page","link":"https:\/\/zrob-swiece.pl\/?page_id=1420","title":{"rendered":"Informacja o cookies"},"content":{"rendered":"\n<p><strong>Polityka Cookies, dane eksploatacyjne i analityka<\/strong><\/p>\n\n\n\n<p>1.&nbsp; Sklep internetowy zr\u00f3b-swiece.pl u\u017cywa niewielkich plik\u00f3w zwanych cookies (ciasteczka), s\u0105 one zapisywane&nbsp; i przechowywane na komputerze lub innym urz\u0105dzeniu ko\u0144cowym U\u017cytkownik\u00f3w i Klient\u00f3w Sklepu je\u015bli przegl\u0105darka internetowa na to pozwala. Cookies zazwyczaj zawieraj\u0105 nazw\u0119 domeny z kt\u00f3rej pochodz\u0105, czas przechowywania ich na Urz\u0105dzeniu oraz przypisan\u0105 warto\u015b\u0107.<\/p>\n\n\n\n<p>2.<strong>&nbsp; <\/strong>Cookies stosowane s\u0105 w celu optymalizacji procesu korzystania ze strony Sklepu, w celu gromadzenia danych statystycznych, kt\u00f3re pozwalaj\u0105 identyfikowa\u0107 spos\u00f3b korzystania U\u017cytkownik\u00f3w ze strony Sklepu internetowego, co umo\u017cliwia ulepszanie struktury Sklepu internetowego. S\u0105 one r\u00f3wnie\u017c niezb\u0119dne do utrzymania sesji Klienta po opuszczeniu przez Niego Sklepu internetowego.<\/p>\n\n\n\n<p>3. &nbsp;Administrator wykorzystuje dwa typy plik\u00f3w Cookies:<\/p>\n\n\n\n<p>a) Cookies sesyjne (tymczasowe): s\u0105 przechowywane na urz\u0105dzeniu ko\u0144cowym Klienta i pozostaj\u0105 tam do momentu zako\u0144czenia sesji danej przegl\u0105darki. Zapisane informacje s\u0105 w\u00f3wczas trwale usuwane z pami\u0119ci urz\u0105dzenia. Mechanizm cookies sesyjnych nie pozwala na pobieranie jakichkolwiek danych osobowych ani \u017cadnych informacji poufnych z Urz\u0105dzenia Klienta.<\/p>\n\n\n\n<p>b) Cookies trwa\u0142e: s\u0105 przechowywane na urz\u0105dzeniu Klienta i pozostaj\u0105 tam do momentu ich skasowania. Zako\u0144czenie sesji danej przegl\u0105darki lub wy\u0142\u0105czenie Urz\u0105dzenia nie powoduje ich usuni\u0119cia z Urz\u0105dzenia Klienta. Mechanizm Cookies trwa\u0142ych nie pozwala na pobieranie jakichkolwiek danych osobowych ani \u017cadnych informacji poufnych z Urz\u0105dzenia Klienta.<\/p>\n\n\n\n<p>4. \u00a0Administrator stosuje kod \u015bledzenia Google Analitycs\u00a0 w celu analizy statystyk strony internetowej Sklepu internetowego oraz zarz\u0105dzania reklamami Ads; szczeg\u00f3\u0142owe informacje dotycz\u0105ce Google Analytics znajduj\u0105 si\u0119 na stronie\u00a0<a href=\"https:\/\/support.google.com\/analytics\/answer\/6004245\" target=\"_blank\" rel=\"noreferrer noopener\">https:\/\/support.google.com\/analytics\/answer\/6004245<\/a>.\u00a0<\/p>\n\n\n\n<p>5. W celu tworzenia spersonalizowanych reklam na podstawie zachowa\u0144 Os\u00f3b odwiedzaj\u0105cych Sklep internetowy, monitorowania zdarze\u0144 na stronie Serwisu Administrator stosuje piksel konwersji Facebook (fragment kodu JavaScript).\u00a0Informacje zbierane w ramach piksela Facebooka s\u0105 anonimowe, tj. nie pozwalaj\u0105 Administratorowi na identyfikacj\u0119 danej Osoby, dostarczaj\u0105 jedynie informacji o dzia\u0142aniach podj\u0119tych w ramach Serwisu. Szczeg\u00f3\u0142owe informacje dotycz\u0105ce wykorzystania przez Facebook danych zbieranych za po\u015brednictwem piksela s\u0105 dost\u0119pne na stronie\u00a0<a href=\"https:\/\/www.facebook.com\/privacy\/explanation\" target=\"_blank\" rel=\"noreferrer noopener\">https:\/\/www.facebook.com\/privacy\/explanation<\/a>.<\/p>\n\n\n\n<p>6.\u00a0 Klient w dowolnym momencie, wykorzystuj\u0105c przegl\u0105dark\u0119 internetow\u0105 z kt\u00f3rej korzysta, mo\u017ce zmieni\u0107 ustawienia dotycz\u0105ce plik\u00f3w cookies, w tym mo\u017ce zablokowa\u0107 mo\u017cliwo\u015b\u0107 gromadzenia plik\u00f3w cookies. Takie dzia\u0142anie mo\u017ce utrudni\u0107 lub uniemo\u017cliwi\u0107 korzystanie z us\u0142ug i narz\u0119dzi Sklepu internetowego, w tym\u00a0 uniemo\u017cliwi\u0107 z\u0142o\u017cenie Zam\u00f3wienia.<\/p>\n\n\n\n<p>7.\u00a0 Je\u015bli Klient podejmie decyzj\u0119, i\u017c nie zgadza si\u0119 na wykorzystywanie pik\u00f3w cookies w opisanych powy\u017cej celach w ka\u017cdej chwili mo\u017ce usun\u0105\u0107 je r\u0119cznie. Szczeg\u00f3\u0142owa instrukcja post\u0119powania i informacje dotycz\u0105ce cookies zawarte s\u0105 w menu pomocy przegl\u0105darki internetowej, z kt\u00f3rej aktualnie korzysta Klient. Przyk\u0142adowe przegl\u0105darki internetowe obs\u0142uguj\u0105ce wspomniane pliki cookies to: Internet Explorer, Mozilla Firefox, Google Chrome, Opera, Safari, Microsoft Edge. \u00a0<\/p>\n\n\n\n<p>8.\u00a0 Niekt\u00f3re podmioty zewn\u0119trzne dzia\u0142aj\u0105ce w ramach Sklepu internetowego umo\u017cliwiaj\u0105 U\u017cytkownikom wycofanie zgody na gromadzenie i wykorzystywanie przez nie danych na potrzeby reklam bazuj\u0105cych na aktywno\u015bci Klienta. Wi\u0119cej informacji na ten temat i mo\u017cliwo\u015b\u0107 dokonania wyboru znajduje si\u0119 na przyk\u0142ad na stronie internetowej:\u00a0<a href=\"http:\/\/www.yuoronlinechoices.com\/\" target=\"_blank\" rel=\"noreferrer noopener\">www.yuoronlinechoices.com<\/a>.\u00a0Udost\u0119pnianie Google Analytics informacji o aktywno\u015bci na stronie Sklepu internetowego mo\u017cna zablokowa\u0107 za pomoc\u0105 udost\u0119pnianego przez firm\u0119 Google Inc. dodatku do przegl\u0105darki dost\u0119pnego tutaj:\u00a0<a href=\"https:\/\/tools.google.com\/dlpage\/gaoptout?hl=pl\" target=\"_blank\" rel=\"noreferrer noopener\">https:\/\/tools.google.com\/dlpage\/gaoptout?hl=pl<\/a>.<\/p>\n","protected":false},"excerpt":{"rendered":"<p>Polityka Cookies, dane eksploatacyjne i analityka 1.&nbsp; Sklep internetowy zr\u00f3b-swiece.pl u\u017cywa niewielkich plik\u00f3w zwanych cookies (ciasteczka), s\u0105 one zapisywane&nbsp; i przechowywane na komputerze lub innym urz\u0105dzeniu ko\u0144cowym U\u017cytkownik\u00f3w i Klient\u00f3w Sklepu je\u015bli przegl\u0105darka internetowa na to pozwala. Cookies zazwyczaj zawieraj\u0105 nazw\u0119 domeny z kt\u00f3rej pochodz\u0105, czas przechowywania ich na Urz\u0105dzeniu oraz przypisan\u0105 warto\u015b\u0107. 2.&nbsp; Cookies&#8230;<\/p>\n","protected":false},"author":1,"featured_media":0,"parent":0,"menu_order":0,"comment_status":"closed","ping_status":"closed","template":"","meta":{"_kad_post_transparent":"","_kad_post_title":"","_kad_post_layout":"","_kad_post_sidebar_id":"","_kad_post_content_style":"","_kad_post_vertical_padding":"","_kad_post_feature":"","_kad_post_feature_position":"","_kad_post_header":false,"_kad_post_footer":false,"footnotes":""},"class_list":["post-1420","page","type-page","status-publish","hentry"],"_links":{"self":[{"href":"https:\/\/zrob-swiece.pl\/index.php?rest_route=\/wp\/v2\/pages\/1420","targetHints":{"allow":["GET"]}}],"collection":[{"href":"https:\/\/zrob-swiece.pl\/index.php?rest_route=\/wp\/v2\/pages"}],"about":[{"href":"https:\/\/zrob-swiece.pl\/index.php?rest_route=\/wp\/v2\/types\/page"}],"author":[{"embeddable":true,"href":"https:\/\/zrob-swiece.pl\/index.php?rest_route=\/wp\/v2\/users\/1"}],"replies":[{"embeddable":true,"href":"https:\/\/zrob-swiece.pl\/index.php?rest_route=%2Fwp%2Fv2%2Fcomments&post=1420"}],"version-history":[{"count":3,"href":"https:\/\/zrob-swiece.pl\/index.php?rest_route=\/wp\/v2\/pages\/1420\/revisions"}],"predecessor-version":[{"id":1424,"href":"https:\/\/zrob-swiece.pl\/index.php?rest_route=\/wp\/v2\/pages\/1420\/revisions\/1424"}],"wp:attachment":[{"href":"https:\/\/zrob-swiece.pl\/index.php?rest_route=%2Fwp%2Fv2%2Fmedia&parent=1420"}],"curies":[{"name":"wp","href":"https:\/\/api.w.org\/{rel}","templated":true}]}}