{"id":1253,"date":"2023-12-29T17:11:09","date_gmt":"2023-12-29T16:11:09","guid":{"rendered":"https:\/\/zrob-swiece.pl\/?post_type=product&#038;p=1253"},"modified":"2023-12-31T19:10:52","modified_gmt":"2023-12-31T18:10:52","slug":"01-zestaw-zrob-swiece-11-elemetow","status":"publish","type":"product","link":"https:\/\/zrob-swiece.pl\/?product=01-zestaw-zrob-swiece-11-elemetow","title":{"rendered":"01 Zestaw zr\u00f3b \u015bwiece  11 element\u00f3w"},"content":{"rendered":"<p>opis wkr\u00f3tce<\/p>\n","protected":false},"excerpt":{"rendered":"<p>Gotowe z<\/p>\n","protected":false},"featured_media":1254,"comment_status":"open","ping_status":"closed","template":"","meta":{"_kad_post_transparent":"default","_kad_post_title":"","_kad_post_layout":"default","_kad_post_sidebar_id":"","_kad_post_content_style":"default","_kad_post_vertical_padding":"default","_kad_post_feature":"","_kad_post_feature_position":"","_kad_post_header":false,"_kad_post_footer":false},"product_brand":[],"product_cat":[25],"product_tag":[33,32,27,30,31,29,28],"class_list":{"0":"post-1253","1":"product","2":"type-product","3":"status-publish","4":"has-post-thumbnail","6":"product_cat-gotowe-zestawy","7":"product_tag-jak-zrobic-swiece","8":"product_tag-swieca-sojowa-jak-zrobic","9":"product_tag-swieca-swieca-sojowa-zestaw-zrob-swiece-zestaw-do-robienia-swiec","10":"product_tag-swiecka-diy","11":"product_tag-zestaw-11-elementow-swieca","12":"product_tag-zestaw-do-robienia-swiec","13":"product_tag-zrob-swiece","15":"first","16":"outofstock","17":"shipping-taxable","18":"purchasable","19":"product-type-simple","20":"entry","21":"content-bg","22":"loop-entry"},"_links":{"self":[{"href":"https:\/\/zrob-swiece.pl\/index.php?rest_route=\/wp\/v2\/product\/1253","targetHints":{"allow":["GET"]}}],"collection":[{"href":"https:\/\/zrob-swiece.pl\/index.php?rest_route=\/wp\/v2\/product"}],"about":[{"href":"https:\/\/zrob-swiece.pl\/index.php?rest_route=\/wp\/v2\/types\/product"}],"replies":[{"embeddable":true,"href":"https:\/\/zrob-swiece.pl\/index.php?rest_route=%2Fwp%2Fv2%2Fcomments&post=1253"}],"wp:featuredmedia":[{"embeddable":true,"href":"https:\/\/zrob-swiece.pl\/index.php?rest_route=\/wp\/v2\/media\/1254"}],"wp:attachment":[{"href":"https:\/\/zrob-swiece.pl\/index.php?rest_route=%2Fwp%2Fv2%2Fmedia&parent=1253"}],"wp:term":[{"taxonomy":"product_brand","embeddable":true,"href":"https:\/\/zrob-swiece.pl\/index.php?rest_route=%2Fwp%2Fv2%2Fproduct_brand&post=1253"},{"taxonomy":"product_cat","embeddable":true,"href":"https:\/\/zrob-swiece.pl\/index.php?rest_route=%2Fwp%2Fv2%2Fproduct_cat&post=1253"},{"taxonomy":"product_tag","embeddable":true,"href":"https:\/\/zrob-swiece.pl\/index.php?rest_route=%2Fwp%2Fv2%2Fproduct_tag&post=1253"}],"curies":[{"name":"wp","href":"https:\/\/api.w.org\/{rel}","templated":true}]}}