{"id":1260,"date":"2023-12-29T17:30:18","date_gmt":"2023-12-29T16:30:18","guid":{"rendered":"https:\/\/zrob-swiece.pl\/?post_type=product&#038;p=1260"},"modified":"2023-12-29T17:30:18","modified_gmt":"2023-12-29T16:30:18","slug":"03-zestaw-zrob-swiece-27-elementow","status":"publish","type":"product","link":"https:\/\/zrob-swiece.pl\/?product=03-zestaw-zrob-swiece-27-elementow","title":{"rendered":"03 Zestaw zr\u00f3b \u015bwiece 27 element\u00f3w"},"content":{"rendered":"<p>opis wkr\u00f3tce<\/p>\n","protected":false},"excerpt":{"rendered":"<p>opis wkr\u00f3tce<\/p>\n","protected":false},"featured_media":1261,"comment_status":"open","ping_status":"closed","template":"","meta":{"_kad_post_transparent":"default","_kad_post_title":"","_kad_post_layout":"default","_kad_post_sidebar_id":"","_kad_post_content_style":"default","_kad_post_vertical_padding":"default","_kad_post_feature":"","_kad_post_feature_position":"","_kad_post_header":false,"_kad_post_footer":false},"product_brand":[],"product_cat":[25],"product_tag":[37,33,32,27,30,38,29,36,28],"class_list":{"0":"post-1260","1":"product","2":"type-product","3":"status-publish","4":"has-post-thumbnail","6":"product_cat-gotowe-zestawy","7":"product_tag-duzy-zestaw-do-robienia-swiec","8":"product_tag-jak-zrobic-swiece","9":"product_tag-swieca-sojowa-jak-zrobic","10":"product_tag-swieca-swieca-sojowa-zestaw-zrob-swiece-zestaw-do-robienia-swiec","11":"product_tag-swiecka-diy","12":"product_tag-zestaw-dla-3-osob-zrob-swiece","13":"product_tag-zestaw-do-robienia-swiec","14":"product_tag-zestaw-zrob-swiece-18-elementow","15":"product_tag-zrob-swiece","17":"first","18":"outofstock","19":"shipping-taxable","20":"purchasable","21":"product-type-simple","22":"entry","23":"content-bg","24":"loop-entry"},"_links":{"self":[{"href":"https:\/\/zrob-swiece.pl\/index.php?rest_route=\/wp\/v2\/product\/1260","targetHints":{"allow":["GET"]}}],"collection":[{"href":"https:\/\/zrob-swiece.pl\/index.php?rest_route=\/wp\/v2\/product"}],"about":[{"href":"https:\/\/zrob-swiece.pl\/index.php?rest_route=\/wp\/v2\/types\/product"}],"replies":[{"embeddable":true,"href":"https:\/\/zrob-swiece.pl\/index.php?rest_route=%2Fwp%2Fv2%2Fcomments&post=1260"}],"wp:featuredmedia":[{"embeddable":true,"href":"https:\/\/zrob-swiece.pl\/index.php?rest_route=\/wp\/v2\/media\/1261"}],"wp:attachment":[{"href":"https:\/\/zrob-swiece.pl\/index.php?rest_route=%2Fwp%2Fv2%2Fmedia&parent=1260"}],"wp:term":[{"taxonomy":"product_brand","embeddable":true,"href":"https:\/\/zrob-swiece.pl\/index.php?rest_route=%2Fwp%2Fv2%2Fproduct_brand&post=1260"},{"taxonomy":"product_cat","embeddable":true,"href":"https:\/\/zrob-swiece.pl\/index.php?rest_route=%2Fwp%2Fv2%2Fproduct_cat&post=1260"},{"taxonomy":"product_tag","embeddable":true,"href":"https:\/\/zrob-swiece.pl\/index.php?rest_route=%2Fwp%2Fv2%2Fproduct_tag&post=1260"}],"curies":[{"name":"wp","href":"https:\/\/api.w.org\/{rel}","templated":true}]}}