{"id":1262,"date":"2023-12-29T17:32:46","date_gmt":"2023-12-29T16:32:46","guid":{"rendered":"https:\/\/zrob-swiece.pl\/?post_type=product&#038;p=1262"},"modified":"2024-01-01T17:53:26","modified_gmt":"2024-01-01T16:53:26","slug":"04-zestaw-zrob-swiece","status":"publish","type":"product","link":"https:\/\/zrob-swiece.pl\/?product=04-zestaw-zrob-swiece","title":{"rendered":"04 Zestaw zr\u00f3b \u015bwiece"},"content":{"rendered":"<p>opis wkr\u00f3tce<\/p>\n","protected":false},"excerpt":{"rendered":"<p>opis wkr\u00f3tce<\/p>\n","protected":false},"featured_media":1263,"comment_status":"open","ping_status":"closed","template":"","meta":{"_kad_post_transparent":"default","_kad_post_title":"","_kad_post_layout":"default","_kad_post_sidebar_id":"","_kad_post_content_style":"default","_kad_post_vertical_padding":"default","_kad_post_feature":"","_kad_post_feature_position":"","_kad_post_header":false,"_kad_post_footer":false},"product_brand":[],"product_cat":[25],"product_tag":[33,34,35,32,27,30,29,36,39,28],"class_list":{"0":"post-1262","1":"product","2":"type-product","3":"status-publish","4":"has-post-thumbnail","6":"product_cat-gotowe-zestawy","7":"product_tag-jak-zrobic-swiece","8":"product_tag-swieca-diy","9":"product_tag-swieca-sojowa","10":"product_tag-swieca-sojowa-jak-zrobic","11":"product_tag-swieca-swieca-sojowa-zestaw-zrob-swiece-zestaw-do-robienia-swiec","12":"product_tag-swiecka-diy","13":"product_tag-zestaw-do-robienia-swiec","14":"product_tag-zestaw-zrob-swiece-18-elementow","15":"product_tag-zestaw-zrob-swiece-dla-4-osob","16":"product_tag-zrob-swiece","18":"first","19":"outofstock","20":"shipping-taxable","21":"purchasable","22":"product-type-simple","23":"entry","24":"content-bg","25":"loop-entry"},"_links":{"self":[{"href":"https:\/\/zrob-swiece.pl\/index.php?rest_route=\/wp\/v2\/product\/1262","targetHints":{"allow":["GET"]}}],"collection":[{"href":"https:\/\/zrob-swiece.pl\/index.php?rest_route=\/wp\/v2\/product"}],"about":[{"href":"https:\/\/zrob-swiece.pl\/index.php?rest_route=\/wp\/v2\/types\/product"}],"replies":[{"embeddable":true,"href":"https:\/\/zrob-swiece.pl\/index.php?rest_route=%2Fwp%2Fv2%2Fcomments&post=1262"}],"wp:featuredmedia":[{"embeddable":true,"href":"https:\/\/zrob-swiece.pl\/index.php?rest_route=\/wp\/v2\/media\/1263"}],"wp:attachment":[{"href":"https:\/\/zrob-swiece.pl\/index.php?rest_route=%2Fwp%2Fv2%2Fmedia&parent=1262"}],"wp:term":[{"taxonomy":"product_brand","embeddable":true,"href":"https:\/\/zrob-swiece.pl\/index.php?rest_route=%2Fwp%2Fv2%2Fproduct_brand&post=1262"},{"taxonomy":"product_cat","embeddable":true,"href":"https:\/\/zrob-swiece.pl\/index.php?rest_route=%2Fwp%2Fv2%2Fproduct_cat&post=1262"},{"taxonomy":"product_tag","embeddable":true,"href":"https:\/\/zrob-swiece.pl\/index.php?rest_route=%2Fwp%2Fv2%2Fproduct_tag&post=1262"}],"curies":[{"name":"wp","href":"https:\/\/api.w.org\/{rel}","templated":true}]}}