{"id":1264,"date":"2023-12-29T17:37:15","date_gmt":"2023-12-29T16:37:15","guid":{"rendered":"https:\/\/zrob-swiece.pl\/?post_type=product&#038;p=1264"},"modified":"2024-03-08T09:47:58","modified_gmt":"2024-03-08T08:47:58","slug":"06-prezent-dzien-babci-zrob-swiece","status":"publish","type":"product","link":"https:\/\/zrob-swiece.pl\/?product=06-prezent-dzien-babci-zrob-swiece","title":{"rendered":"06 zestaw zr\u00f3b sam \u015bwiece  + Gratis"},"content":{"rendered":"<p>opis wkr\u00f3tce<\/p>\n","protected":false},"excerpt":{"rendered":"<p>opis wkr\u00f3tce<\/p>\n","protected":false},"featured_media":1706,"comment_status":"open","ping_status":"closed","template":"","meta":{"_kad_post_transparent":"default","_kad_post_title":"","_kad_post_layout":"default","_kad_post_sidebar_id":"","_kad_post_content_style":"default","_kad_post_vertical_padding":"default","_kad_post_feature":"","_kad_post_feature_position":"","_kad_post_header":false,"_kad_post_footer":false},"product_brand":[],"product_cat":[25],"product_tag":[33,43,40,41,32,27,30,29,36,42],"class_list":{"0":"post-1264","1":"product","2":"type-product","3":"status-publish","4":"has-post-thumbnail","6":"product_cat-gotowe-zestawy","7":"product_tag-jak-zrobic-swiece","8":"product_tag-prezent-dla-babci","9":"product_tag-prezent-dzien-babci","10":"product_tag-prezent-dzien-dziadka","11":"product_tag-swieca-sojowa-jak-zrobic","12":"product_tag-swieca-swieca-sojowa-zestaw-zrob-swiece-zestaw-do-robienia-swiec","13":"product_tag-swiecka-diy","14":"product_tag-zestaw-do-robienia-swiec","15":"product_tag-zestaw-zrob-swiece-18-elementow","16":"product_tag-zrob-prezent-babci","18":"first","19":"outofstock","20":"featured","21":"shipping-taxable","22":"purchasable","23":"product-type-simple","24":"entry","25":"content-bg","26":"loop-entry"},"_links":{"self":[{"href":"https:\/\/zrob-swiece.pl\/index.php?rest_route=\/wp\/v2\/product\/1264","targetHints":{"allow":["GET"]}}],"collection":[{"href":"https:\/\/zrob-swiece.pl\/index.php?rest_route=\/wp\/v2\/product"}],"about":[{"href":"https:\/\/zrob-swiece.pl\/index.php?rest_route=\/wp\/v2\/types\/product"}],"replies":[{"embeddable":true,"href":"https:\/\/zrob-swiece.pl\/index.php?rest_route=%2Fwp%2Fv2%2Fcomments&post=1264"}],"wp:featuredmedia":[{"embeddable":true,"href":"https:\/\/zrob-swiece.pl\/index.php?rest_route=\/wp\/v2\/media\/1706"}],"wp:attachment":[{"href":"https:\/\/zrob-swiece.pl\/index.php?rest_route=%2Fwp%2Fv2%2Fmedia&parent=1264"}],"wp:term":[{"taxonomy":"product_brand","embeddable":true,"href":"https:\/\/zrob-swiece.pl\/index.php?rest_route=%2Fwp%2Fv2%2Fproduct_brand&post=1264"},{"taxonomy":"product_cat","embeddable":true,"href":"https:\/\/zrob-swiece.pl\/index.php?rest_route=%2Fwp%2Fv2%2Fproduct_cat&post=1264"},{"taxonomy":"product_tag","embeddable":true,"href":"https:\/\/zrob-swiece.pl\/index.php?rest_route=%2Fwp%2Fv2%2Fproduct_tag&post=1264"}],"curies":[{"name":"wp","href":"https:\/\/api.w.org\/{rel}","templated":true}]}}