{"id":1267,"date":"2023-12-29T18:43:28","date_gmt":"2023-12-29T17:43:28","guid":{"rendered":"https:\/\/zrob-swiece.pl\/?post_type=product&#038;p=1267"},"modified":"2025-08-03T17:26:52","modified_gmt":"2025-08-03T15:26:52","slug":"1267","status":"publish","type":"product","link":"https:\/\/zrob-swiece.pl\/?product=1267","title":{"rendered":"Wosk sojowy S41 1-25kg \u015bwiece zalewane Krak\u00f3w odbi\u00f3r sklep"},"content":{"rendered":"<div class=\"woocommerce-tabs wc-tabs-wrapper\">\n<div id=\"tab-description\" class=\"woocommerce-Tabs-panel woocommerce-Tabs-panel--description panel entry-content wc-tab\" role=\"tabpanel\" aria-labelledby=\"tab-title-description\">\n<h2 data-start=\"303\" data-end=\"365\"><strong data-start=\"306\" data-end=\"365\">Wosk sojowy S41 \u2013 naturalny wosk do \u015bwiec w pojemnikach<\/strong><\/h2>\n<p data-start=\"367\" data-end=\"696\"><strong data-start=\"367\" data-end=\"386\">Wosk sojowy S41<\/strong> to wysokiej jako\u015bci, w 100% naturalny wosk ro\u015blinny stworzony z oleju sojowego. Idealny dla os\u00f3b, kt\u00f3re chc\u0105 samodzielnie robi\u0107 \u015bwiece w domu lub w ma\u0142ej pracowni. Charakteryzuje si\u0119 <strong data-start=\"570\" data-end=\"587\">\u0142atw\u0105 obr\u00f3bk\u0105<\/strong>, <strong data-start=\"589\" data-end=\"622\">pi\u0119knym, g\u0142adkim wyko\u0144czeniem<\/strong> i doskona\u0142ym przenoszeniem zapachu z olejk\u00f3w eterycznych i zapachowych.<\/p>\n<p data-start=\"698\" data-end=\"971\">Jest to wosk przeznaczony g\u0142\u00f3wnie do <strong data-start=\"735\" data-end=\"758\">\u015bwiec w pojemnikach<\/strong> \u2013 w s\u0142oiczkach, szklanych naczyniach, kubkach ceramicznych czy puszkach metalowych. \u015awiece wykonane z wosku sojowego pal\u0105 si\u0119 <strong data-start=\"885\" data-end=\"895\">czysto<\/strong>, bez kopcenia i uwalniania toksyn, co czyni go bezpiecznym wyborem do domu.<\/p>\n<hr data-start=\"973\" data-end=\"976\" \/>\n<h3 data-start=\"978\" data-end=\"1024\"><strong data-start=\"982\" data-end=\"1024\">Dlaczego warto wybra\u0107 wosk sojowy S41?<\/strong><\/h3>\n<ul data-start=\"1025\" data-end=\"1317\">\n<li data-start=\"1025\" data-end=\"1082\">\n<p data-start=\"1027\" data-end=\"1082\">\u2705 100% naturalny \u2013 bez parafiny i sztucznych dodatk\u00f3w<\/p>\n<\/li>\n<li data-start=\"1083\" data-end=\"1124\">\n<p data-start=\"1085\" data-end=\"1124\">\u2705 Bezpieczny dla zdrowia i \u015brodowiska<\/p>\n<\/li>\n<li data-start=\"1125\" data-end=\"1162\">\n<p data-start=\"1127\" data-end=\"1162\">\u2705 Pi\u0119knie oddaje zapach z olejk\u00f3w<\/p>\n<\/li>\n<li data-start=\"1163\" data-end=\"1204\">\n<p data-start=\"1165\" data-end=\"1204\">\u2705 Tworzy g\u0142adk\u0105, kremow\u0105 powierzchni\u0119<\/p>\n<\/li>\n<li data-start=\"1205\" data-end=\"1256\">\n<p data-start=\"1207\" data-end=\"1256\">\u2705 Idealny dla pocz\u0105tkuj\u0105cych i profesjonalist\u00f3w<\/p>\n<\/li>\n<li data-start=\"1257\" data-end=\"1317\">\n<p data-start=\"1259\" data-end=\"1317\">\u2705 Dost\u0119pny <strong data-start=\"1270\" data-end=\"1315\">od r\u0119ki w sklepie stacjonarnym w Krakowie<\/strong><\/p>\n<\/li>\n<\/ul>\n<hr data-start=\"1319\" data-end=\"1322\" \/>\n<h3 data-start=\"1324\" data-end=\"1361\"><strong data-start=\"1328\" data-end=\"1361\">Jak roztopi\u0107 wosk sojowy S41?<\/strong><\/h3>\n<ol data-start=\"1362\" data-end=\"1905\">\n<li data-start=\"1362\" data-end=\"1468\">\n<p data-start=\"1365\" data-end=\"1468\"><strong data-start=\"1365\" data-end=\"1399\">Przygotuj naczynie do topienia<\/strong> \u2013 najlepiej garnek w k\u0105pieli wodnej lub specjalny topnik do wosku.<\/p>\n<\/li>\n<li data-start=\"1469\" data-end=\"1533\">\n<p data-start=\"1472\" data-end=\"1533\"><strong data-start=\"1472\" data-end=\"1497\">Wsyp wosk do naczynia<\/strong> \u2013 odmierz tyle, ile potrzebujesz.<\/p>\n<\/li>\n<li data-start=\"1534\" data-end=\"1603\">\n<p data-start=\"1537\" data-end=\"1603\"><strong data-start=\"1537\" data-end=\"1558\">Podgrzewaj powoli<\/strong> w k\u0105pieli wodnej, aby unikn\u0105\u0107 przypalenia.<\/p>\n<\/li>\n<li data-start=\"1604\" data-end=\"1651\">\n<p data-start=\"1607\" data-end=\"1651\"><strong data-start=\"1607\" data-end=\"1633\">Temperatura topnienia:<\/strong> ok. <strong>38\u201344\u00b0C<\/strong><\/p>\n<\/li>\n<li data-start=\"1652\" data-end=\"1731\">\n<p data-start=\"1655\" data-end=\"1731\"><strong data-start=\"1655\" data-end=\"1681\">Temperatura zalewania:<\/strong> <strong>40\u00b0C<\/strong><\/p>\n<\/li>\n<li data-start=\"1732\" data-end=\"1809\">\n<p data-start=\"1735\" data-end=\"1809\">Po roztopieniu dodaj <strong data-start=\"1756\" data-end=\"1776\">olejek zapachowy<\/strong> lub <strong data-start=\"1781\" data-end=\"1792\">barwnik<\/strong> (opcjonalnie).<\/p>\n<\/li>\n<li data-start=\"1810\" data-end=\"1905\">\n<p data-start=\"1813\" data-end=\"1905\"><strong data-start=\"1813\" data-end=\"1854\">Wlej wosk do przygotowanego pojemnika<\/strong> z knotem i pozostaw do ca\u0142kowitego zastygni\u0119cia.<\/p>\n<\/li>\n<\/ol>\n<hr data-start=\"1907\" data-end=\"1910\" \/>\n<h3 data-start=\"1912\" data-end=\"1954\"><strong data-start=\"1916\" data-end=\"1954\">Wskaz\u00f3wki dla najlepszych efekt\u00f3w:<\/strong><\/h3>\n<ul data-start=\"1955\" data-end=\"2165\">\n<li data-start=\"1955\" data-end=\"2028\">\n<p data-start=\"1957\" data-end=\"2028\">Nie przegrzewaj wosku powy\u017cej 80\u00b0C \u2013 mo\u017ce to pogorszy\u0107 jako\u015b\u0107 \u015bwiecy.<\/p>\n<\/li>\n<li data-start=\"2029\" data-end=\"2088\">\n<p data-start=\"2031\" data-end=\"2088\">Dodawaj olejki zapachowe przy temperaturze ok. 45-50\u00b0C.<\/p>\n<\/li>\n<li data-start=\"2089\" data-end=\"2165\">\n<p data-start=\"2091\" data-end=\"2165\">Zostaw \u015bwiec\u0119 do utwardzenia min. 24 godziny przed pierwszym zapaleniem.<\/p>\n<\/li>\n<\/ul>\n<hr data-start=\"2167\" data-end=\"2170\" \/>\n<h3 data-start=\"2172\" data-end=\"2201\"><strong data-start=\"2176\" data-end=\"2201\">Parametry techniczne:<\/strong><\/h3>\n<ul data-start=\"2202\" data-end=\"2395\">\n<li data-start=\"2202\" data-end=\"2239\">\n<p data-start=\"2204\" data-end=\"2239\">Rodzaj: wosk sojowy naturalny S41<\/p>\n<\/li>\n<li data-start=\"2240\" data-end=\"2258\">\n<p data-start=\"2242\" data-end=\"2258\">Posta\u0107: bry\u0142y r\u00f3\u017cnej wielko\u015bci<\/p>\n<\/li>\n<li data-start=\"2259\" data-end=\"2277\">\n<p data-start=\"2261\" data-end=\"2277\">Kolor: kremowy<\/p>\n<\/li>\n<li data-start=\"2259\" data-end=\"2277\">Ilo\u015b\u0107 olejku zapachowego w % \u00a07-12<\/li>\n<li data-start=\"2278\" data-end=\"2312\">\n<p data-start=\"2280\" data-end=\"2312\">Temperatura topnienia: 38-42\u00b0C<\/p>\n<\/li>\n<li data-start=\"2313\" data-end=\"2356\">\n<p data-start=\"2315\" data-end=\"2356\">Zalecana temperatura zalewania: 40\u00b0C<\/p>\n<\/li>\n<li data-start=\"2357\" data-end=\"2395\">\n<p data-start=\"2359\" data-end=\"2395\">Zastosowanie: \u015bwiece w pojemnikach<\/p>\n<\/li>\n<\/ul>\n<hr data-start=\"2397\" data-end=\"2400\" \/>\n<h3 data-start=\"2402\" data-end=\"2428\"><strong data-start=\"2406\" data-end=\"2428\">Dost\u0119pno\u015b\u0107 i zakup<\/strong><\/h3>\n<p data-start=\"2429\" data-end=\"2660\">Wosk sojowy S41 jest dost\u0119pny <strong data-start=\"2459\" data-end=\"2504\">od r\u0119ki w sklepie stacjonarnym w Krakowie<\/strong> \u2013 mo\u017cesz odebra\u0107 osobi\u015bcie i zacz\u0105\u0107 tworzy\u0107 \u015bwiece jeszcze dzi\u015b. Oferujemy r\u00f3wnie\u017c wysy\u0142k\u0119 w ca\u0142ej Polsce w opakowaniach <strong data-start=\"2626\" data-end=\"2659\">1 kg, 2,5 kg, 5 kg oraz 25 kg<\/strong>.<\/p>\n<\/div>\n<\/div>\n","protected":false},"excerpt":{"rendered":"<div class=\"woocommerce-tabs wc-tabs-wrapper\">\n<div id=\"tab-description\" class=\"woocommerce-Tabs-panel woocommerce-Tabs-panel--description panel entry-content wc-tab\" role=\"tabpanel\" aria-labelledby=\"tab-title-description\">\n<p><b>\u00a0<\/b><\/p>\n<\/div>\n<\/div>\n","protected":false},"featured_media":1847,"comment_status":"open","ping_status":"closed","template":"","meta":{"_kad_post_transparent":"default","_kad_post_title":"","_kad_post_layout":"default","_kad_post_sidebar_id":"","_kad_post_content_style":"default","_kad_post_vertical_padding":"default","_kad_post_feature":"","_kad_post_feature_position":"","_kad_post_header":false,"_kad_post_footer":false},"product_brand":[],"product_cat":[51],"product_tag":[44,45,47,46,50,48,49],"class_list":{"0":"post-1267","1":"product","2":"type-product","3":"status-publish","4":"has-post-thumbnail","6":"product_cat-woski-sojowe","7":"product_tag-wosk-sojowy","8":"product_tag-wosk-sojowy-do-swiec","9":"product_tag-wosk-sojowy-do-swiec-zalewowych","10":"product_tag-wosk-sojowy-soy-41","11":"product_tag-woski-cerasox","12":"product_tag-woski-do-swiec","13":"product_tag-woski-do-wykonywania-swiec-handmade","15":"first","16":"instock","17":"featured","18":"shipping-taxable","19":"purchasable","20":"product-type-variable","21":"entry","22":"content-bg","23":"loop-entry"},"_links":{"self":[{"href":"https:\/\/zrob-swiece.pl\/index.php?rest_route=\/wp\/v2\/product\/1267","targetHints":{"allow":["GET"]}}],"collection":[{"href":"https:\/\/zrob-swiece.pl\/index.php?rest_route=\/wp\/v2\/product"}],"about":[{"href":"https:\/\/zrob-swiece.pl\/index.php?rest_route=\/wp\/v2\/types\/product"}],"replies":[{"embeddable":true,"href":"https:\/\/zrob-swiece.pl\/index.php?rest_route=%2Fwp%2Fv2%2Fcomments&post=1267"}],"wp:featuredmedia":[{"embeddable":true,"href":"https:\/\/zrob-swiece.pl\/index.php?rest_route=\/wp\/v2\/media\/1847"}],"wp:attachment":[{"href":"https:\/\/zrob-swiece.pl\/index.php?rest_route=%2Fwp%2Fv2%2Fmedia&parent=1267"}],"wp:term":[{"taxonomy":"product_brand","embeddable":true,"href":"https:\/\/zrob-swiece.pl\/index.php?rest_route=%2Fwp%2Fv2%2Fproduct_brand&post=1267"},{"taxonomy":"product_cat","embeddable":true,"href":"https:\/\/zrob-swiece.pl\/index.php?rest_route=%2Fwp%2Fv2%2Fproduct_cat&post=1267"},{"taxonomy":"product_tag","embeddable":true,"href":"https:\/\/zrob-swiece.pl\/index.php?rest_route=%2Fwp%2Fv2%2Fproduct_tag&post=1267"}],"curies":[{"name":"wp","href":"https:\/\/api.w.org\/{rel}","templated":true}]}}