{"id":1281,"date":"2023-12-29T19:26:06","date_gmt":"2023-12-29T18:26:06","guid":{"rendered":"https:\/\/zrob-swiece.pl\/?post_type=product&#038;p=1281"},"modified":"2025-08-03T17:26:17","modified_gmt":"2025-08-03T15:26:17","slug":"05-wosk-sojowy-y50-1kg","status":"publish","type":"product","link":"https:\/\/zrob-swiece.pl\/?product=05-wosk-sojowy-y50-1kg","title":{"rendered":"Wosk sojowy Y50 1-25 kg \u015awiece zalewane Krak\u00f3w odbi\u00f3r sklep stacjonarny"},"content":{"rendered":"<h2 data-start=\"155\" data-end=\"238\"><strong data-start=\"158\" data-end=\"238\">Wosk sojowy Y50 \u2013 naturalny wosk do \u015bwiec w pojemnikach\u00a0<\/strong><\/h2>\n<p data-start=\"240\" data-end=\"497\"><strong data-start=\"240\" data-end=\"259\">Wosk sojowy Y50<\/strong> to wysokiej jako\u015bci, w 100% naturalny wosk ro\u015blinny, stworzony z oleju sojowego. Idealny dla os\u00f3b, kt\u00f3re chc\u0105 robi\u0107 <strong data-start=\"376\" data-end=\"400\">\u015bwiece w pojemnikach<\/strong><\/p>\n<p data-start=\"499\" data-end=\"710\">Charakteryzuje si\u0119 <strong data-start=\"518\" data-end=\"535\">\u0142atw\u0105 obr\u00f3bk\u0105<\/strong>, <strong data-start=\"537\" data-end=\"565\">dobrym wi\u0105zaniem zapachu<\/strong> i <strong data-start=\"568\" data-end=\"589\">czystym spalaniem<\/strong>. Dzi\u0119ki swoim w\u0142a\u015bciwo\u015bciom jest ch\u0119tnie wybierany zar\u00f3wno przez osoby pocz\u0105tkuj\u0105ce, jak i do\u015bwiadczonych tw\u00f3rc\u00f3w \u015bwiec.<\/p>\n<hr data-start=\"712\" data-end=\"715\" \/>\n<h3 data-start=\"717\" data-end=\"763\"><strong data-start=\"721\" data-end=\"763\">Dlaczego warto wybra\u0107 wosk sojowy Y50?<\/strong><\/h3>\n<ul data-start=\"764\" data-end=\"1114\">\n<li data-start=\"764\" data-end=\"822\">\n<p data-start=\"766\" data-end=\"822\">\u2705 100% naturalny \u2013 bez parafiny i toksycznych dodatk\u00f3w<\/p>\n<\/li>\n<li data-start=\"823\" data-end=\"864\">\n<p data-start=\"825\" data-end=\"864\">\u2705 Bezpieczny dla zdrowia i \u015brodowiska<\/p>\n<\/li>\n<li data-start=\"865\" data-end=\"941\">\n<p data-start=\"867\" data-end=\"941\">\u2705 \u015awietnie oddaje zapachy \u2013 idealny do olejk\u00f3w zapachowych i eterycznych<\/p>\n<\/li>\n<li data-start=\"942\" data-end=\"994\">\n<p data-start=\"944\" data-end=\"994\">\u2705 Nadaje \u015bwiecom g\u0142adk\u0105, estetyczn\u0105 powierzchni\u0119<\/p>\n<\/li>\n<li data-start=\"1054\" data-end=\"1114\">\n<p data-start=\"1056\" data-end=\"1114\">\u2705 Dost\u0119pny <strong data-start=\"1067\" data-end=\"1112\">od r\u0119ki w sklepie stacjonarnym w Krakowie<\/strong><\/p>\n<\/li>\n<\/ul>\n<hr data-start=\"1116\" data-end=\"1119\" \/>\n<h3 data-start=\"1121\" data-end=\"1158\"><strong data-start=\"1125\" data-end=\"1158\">Jak roztopi\u0107 wosk sojowy Y50?<\/strong><\/h3>\n<ol data-start=\"1159\" data-end=\"1602\">\n<li data-start=\"1159\" data-end=\"1244\">\n<p data-start=\"1162\" data-end=\"1244\"><strong data-start=\"1162\" data-end=\"1196\">Przygotuj naczynie do topienia<\/strong> \u2013 najlepiej k\u0105piel wodna lub topnik do wosku.<\/p>\n<\/li>\n<li data-start=\"1245\" data-end=\"1292\">\n<p data-start=\"1248\" data-end=\"1292\"><strong data-start=\"1248\" data-end=\"1261\">Wsyp wosk<\/strong> \u2013 odmierz odpowiedni\u0105 ilo\u015b\u0107.<\/p>\n<\/li>\n<li data-start=\"1293\" data-end=\"1363\">\n<p data-start=\"1296\" data-end=\"1363\"><strong data-start=\"1296\" data-end=\"1317\">Podgrzewaj powoli<\/strong>, unikaj\u0105c bezpo\u015bredniego kontaktu z ogniem.<\/p>\n<\/li>\n<li data-start=\"1364\" data-end=\"1411\">\n<p data-start=\"1367\" data-end=\"1411\"><strong data-start=\"1367\" data-end=\"1393\">Temperatura topnienia:<\/strong> ok. <strong>47\u201357\u00b0C<\/strong><\/p>\n<\/li>\n<li data-start=\"1412\" data-end=\"1451\">\n<p data-start=\"1415\" data-end=\"1451\"><strong data-start=\"1415\" data-end=\"1441\">Temperatura zalewania:<\/strong> <strong>40\u00b0C<\/strong><\/p>\n<\/li>\n<li data-start=\"1452\" data-end=\"1529\">\n<p data-start=\"1455\" data-end=\"1529\">Po roztopieniu dodaj <strong data-start=\"1476\" data-end=\"1496\">olejek zapachowy<\/strong> lub <strong data-start=\"1501\" data-end=\"1512\">barwnik<\/strong> (opcjonalnie).<\/p>\n<\/li>\n<li data-start=\"1530\" data-end=\"1602\">\n<p data-start=\"1533\" data-end=\"1602\"><strong data-start=\"1533\" data-end=\"1554\">Wlej do pojemnika<\/strong> lub formy i pozostaw do ca\u0142kowitego st\u0119\u017cenia.<\/p>\n<\/li>\n<\/ol>\n<hr data-start=\"1604\" data-end=\"1607\" \/>\n<h3 data-start=\"1609\" data-end=\"1651\"><strong data-start=\"1613\" data-end=\"1651\">Wskaz\u00f3wki dla najlepszych efekt\u00f3w:<\/strong><\/h3>\n<ul data-start=\"1652\" data-end=\"1856\">\n<li data-start=\"1652\" data-end=\"1720\">\n<p data-start=\"1654\" data-end=\"1720\">Unikaj przegrzewania powy\u017cej 80\u00b0C \u2013 mo\u017ce pogorszy\u0107 jako\u015b\u0107 wosku.<\/p>\n<\/li>\n<li data-start=\"1721\" data-end=\"1786\">\n<p data-start=\"1723\" data-end=\"1786\">Dodawaj zapach przy temperaturze ok. <strong>45-55\u00b0C<\/strong>, aby by\u0142 trwa\u0142y.<\/p>\n<\/li>\n<li data-start=\"1787\" data-end=\"1856\">\n<p data-start=\"1789\" data-end=\"1856\">\u015awiece pozostaw na minimum 24 godziny przed pierwszym zapaleniem.<\/p>\n<\/li>\n<\/ul>\n<hr data-start=\"1858\" data-end=\"1861\" \/>\n<h3 data-start=\"1863\" data-end=\"1892\"><strong data-start=\"1867\" data-end=\"1892\">Parametry techniczne:<\/strong><\/h3>\n<ul data-start=\"1893\" data-end=\"2109\">\n<li data-start=\"1893\" data-end=\"1930\">\n<p data-start=\"1895\" data-end=\"1930\">Rodzaj: wosk sojowy naturalny Y50<\/p>\n<\/li>\n<li data-start=\"1931\" data-end=\"1949\">\n<p data-start=\"1933\" data-end=\"1949\">Posta\u0107: p\u0142atki<\/p>\n<\/li>\n<li data-start=\"1950\" data-end=\"1974\">\n<p data-start=\"1952\" data-end=\"1974\">Kolor: kremowo-bia\u0142y<\/p>\n<\/li>\n<li data-start=\"1975\" data-end=\"2009\">\n<p data-start=\"1977\" data-end=\"2009\">Temperatura topnienia: 47-57\u00b0C<\/p>\n<\/li>\n<li data-start=\"2010\" data-end=\"2053\">\n<p data-start=\"2012\" data-end=\"2053\">Zalecana temperatura zalewania: 40\u00b0C<\/p>\n<\/li>\n<li data-start=\"2054\" data-end=\"2109\">\n<p data-start=\"2056\" data-end=\"2109\">Zastosowanie: \u015bwiece w pojemnikach, woski zapachowe<\/p>\n<\/li>\n<\/ul>\n<hr data-start=\"2111\" data-end=\"2114\" \/>\n<h3 data-start=\"2116\" data-end=\"2142\"><strong data-start=\"2120\" data-end=\"2142\">Dost\u0119pno\u015b\u0107 i zakup<\/strong><\/h3>\n<p data-start=\"2143\" data-end=\"2344\">Wosk sojowy Y50 jest dost\u0119pny <strong data-start=\"2173\" data-end=\"2218\">od r\u0119ki w sklepie stacjonarnym w Krakowie<\/strong> \u2013 mo\u017cesz odebra\u0107 osobi\u015bcie lub zam\u00f3wi\u0107 z dostaw\u0105 na terenie ca\u0142ej Polski. Pakowany w worki <strong data-start=\"2310\" data-end=\"2343\">1 kg, 2,5 kg, 5 kg oraz 25 kg<\/strong>.<\/p>\n","protected":false},"excerpt":{"rendered":"<p>Wosk sojowy Y50 \u2013 naturalny wosk do \u015bwiec w pojemnikach\u00a0 Wosk sojowy Y50 to wysokiej jako\u015bci, w 100% naturalny wosk ro\u015blinny, stworzony z oleju sojowego. Idealny dla os\u00f3b, kt\u00f3re chc\u0105 robi\u0107 \u015bwiece w pojemnikach Charakteryzuje si\u0119 \u0142atw\u0105 obr\u00f3bk\u0105, dobrym wi\u0105zaniem zapachu i czystym spalaniem. Dzi\u0119ki swoim w\u0142a\u015bciwo\u015bciom jest ch\u0119tnie wybierany zar\u00f3wno przez osoby pocz\u0105tkuj\u0105ce, jak&#8230;<\/p>\n","protected":false},"featured_media":1860,"comment_status":"open","ping_status":"closed","template":"","meta":{"_kad_post_transparent":"default","_kad_post_title":"","_kad_post_layout":"default","_kad_post_sidebar_id":"","_kad_post_content_style":"default","_kad_post_vertical_padding":"default","_kad_post_feature":"","_kad_post_feature_position":"","_kad_post_header":false,"_kad_post_footer":false},"product_brand":[],"product_cat":[51],"product_tag":[60,44,55,57,45,47,46,58,59,48,49],"class_list":{"0":"post-1281","1":"product","2":"type-product","3":"status-publish","4":"has-post-thumbnail","6":"product_cat-woski-sojowe","7":"product_tag-wosk-do-swiec-y50-1kg","8":"product_tag-wosk-sojowy","9":"product_tag-wosk-sojowy-2","10":"product_tag-wosk-sojowy-5kg","11":"product_tag-wosk-sojowy-do-swiec","12":"product_tag-wosk-sojowy-do-swiec-zalewowych","13":"product_tag-wosk-sojowy-soy-41","14":"product_tag-wosk-soy-41-25-kg","15":"product_tag-wosk-y50-1-kg","16":"product_tag-woski-do-swiec","17":"product_tag-woski-do-wykonywania-swiec-handmade","19":"first","20":"instock","21":"shipping-taxable","22":"purchasable","23":"product-type-variable","24":"entry","25":"content-bg","26":"loop-entry"},"_links":{"self":[{"href":"https:\/\/zrob-swiece.pl\/index.php?rest_route=\/wp\/v2\/product\/1281","targetHints":{"allow":["GET"]}}],"collection":[{"href":"https:\/\/zrob-swiece.pl\/index.php?rest_route=\/wp\/v2\/product"}],"about":[{"href":"https:\/\/zrob-swiece.pl\/index.php?rest_route=\/wp\/v2\/types\/product"}],"replies":[{"embeddable":true,"href":"https:\/\/zrob-swiece.pl\/index.php?rest_route=%2Fwp%2Fv2%2Fcomments&post=1281"}],"wp:featuredmedia":[{"embeddable":true,"href":"https:\/\/zrob-swiece.pl\/index.php?rest_route=\/wp\/v2\/media\/1860"}],"wp:attachment":[{"href":"https:\/\/zrob-swiece.pl\/index.php?rest_route=%2Fwp%2Fv2%2Fmedia&parent=1281"}],"wp:term":[{"taxonomy":"product_brand","embeddable":true,"href":"https:\/\/zrob-swiece.pl\/index.php?rest_route=%2Fwp%2Fv2%2Fproduct_brand&post=1281"},{"taxonomy":"product_cat","embeddable":true,"href":"https:\/\/zrob-swiece.pl\/index.php?rest_route=%2Fwp%2Fv2%2Fproduct_cat&post=1281"},{"taxonomy":"product_tag","embeddable":true,"href":"https:\/\/zrob-swiece.pl\/index.php?rest_route=%2Fwp%2Fv2%2Fproduct_tag&post=1281"}],"curies":[{"name":"wp","href":"https:\/\/api.w.org\/{rel}","templated":true}]}}