{"id":1498,"date":"2024-01-02T17:35:11","date_gmt":"2024-01-02T16:35:11","guid":{"rendered":"https:\/\/zrob-swiece.pl\/?post_type=product&#038;p=1498"},"modified":"2024-01-03T19:28:00","modified_gmt":"2024-01-03T18:28:00","slug":"01-olejek-zapachowy-jasmin","status":"publish","type":"product","link":"https:\/\/zrob-swiece.pl\/?product=01-olejek-zapachowy-jasmin","title":{"rendered":"01 Olejek zapachowy JA\u015aMIN"},"content":{"rendered":"<h4>Znakomity olejek o zapachu JA\u015aMINU<\/h4>\n<p>Olejek ja\u015bminowy posiada egzotyczny, s\u0142odki i delikatny zapach. Jest olejkiem bogatym, typowo kwiatowym, jednak z wyra\u017anie wyczuwalnymi nutami pi\u017cmowymi. Mimo, i\u017c znajduje zastosowanie w zapachach typowo kobiecych jest u\u017cywany r\u00f3wnie\u017c do tworzenia perfum m\u0119skich. Zapach ja\u015bminu uznawany jest za afrodyzjak, jest seksowny i elegancki. Kojarzy si\u0119 z mi\u0142o\u015bci\u0105 i pe\u0142nymi uniesie\u0144, ciep\u0142ymi wieczorami. Olejek uwalniaj\u0105c zapach tworzy, romantyczn\u0105 atmosfer\u0119, przywraca r\u00f3wnowag\u0119 i daje uczucie rozlu\u017anienia.<\/p>\n<p><strong>Butelka:<\/strong> Szklana<br \/>\n<strong>Kroplomierz:<\/strong> TAK<br \/>\n<strong>Obj\u0119to\u015b\u0107:<\/strong> 100 ml<br \/>\n<strong>Zastosowanie :<\/strong> Dodatek do wosk\u00f3w oraz podgrzewaczy<\/p>\n<p>Olejki s\u0105 dodawane do Naszych produkt\u00f3w kt\u00f3re sprzedajemy. Jeste\u015bmy pewni jako\u015bci oraz doradzamy w jakich proporcjach nale\u017cy je stosowa\u0107. Olejki posiadamy na stanie magazynowym, wi\u0119c wysy\u0142amy w dzie\u0144 zakupu w godzinach pracy.<\/p>\n<p>Mo\u017cliwo\u015b\u0107 sprzeda\u017cy 0,5 oraz 1 l<\/p>\n<p><strong>Mo\u017cliwy odbi\u00f3r osobisty w Krakowie<\/strong> w naszym sklepie firmowym lub te\u017c transport na terenie Krakowa*<\/p>\n","protected":false},"excerpt":{"rendered":"<p>Znakomity olejek o zapachu JA\u015aMINU Olejek ja\u015bminowy posiada egzotyczny, s\u0142odki i delikatny zapach. Jest olejkiem bogatym, typowo kwiatowym, jednak z wyra\u017anie wyczuwalnymi nutami pi\u017cmowymi. Mimo, i\u017c znajduje zastosowanie w zapachach typowo kobiecych jest u\u017cywany r\u00f3wnie\u017c do tworzenia perfum m\u0119skich. Zapach ja\u015bminu uznawany jest za afrodyzjak, jest seksowny i elegancki. Kojarzy si\u0119 z mi\u0142o\u015bci\u0105 i pe\u0142nymi&#8230;<\/p>\n","protected":false},"featured_media":1499,"comment_status":"open","ping_status":"closed","template":"","meta":{"_kad_post_transparent":"default","_kad_post_title":"","_kad_post_layout":"default","_kad_post_sidebar_id":"","_kad_post_content_style":"default","_kad_post_vertical_padding":"default","_kad_post_feature":"","_kad_post_feature_position":"","_kad_post_header":false,"_kad_post_footer":false},"product_brand":[],"product_cat":[69],"product_tag":[70,73,71,75,74,76,72],"class_list":{"0":"post-1498","1":"product","2":"type-product","3":"status-publish","4":"has-post-thumbnail","6":"product_cat-olejki-zapachowe","7":"product_tag-olejek-do-swiecy","8":"product_tag-olejek-do-wosku-sojowego","9":"product_tag-olejki-do-swiec","10":"product_tag-olejki-do-tabliczek-zapachowych","11":"product_tag-olejki-do-zapachowe","12":"product_tag-olejki-zapachowe","13":"product_tag-zapach-do-swiecy","15":"first","16":"instock","17":"shipping-taxable","18":"purchasable","19":"product-type-variable","20":"entry","21":"content-bg","22":"loop-entry"},"_links":{"self":[{"href":"https:\/\/zrob-swiece.pl\/index.php?rest_route=\/wp\/v2\/product\/1498","targetHints":{"allow":["GET"]}}],"collection":[{"href":"https:\/\/zrob-swiece.pl\/index.php?rest_route=\/wp\/v2\/product"}],"about":[{"href":"https:\/\/zrob-swiece.pl\/index.php?rest_route=\/wp\/v2\/types\/product"}],"replies":[{"embeddable":true,"href":"https:\/\/zrob-swiece.pl\/index.php?rest_route=%2Fwp%2Fv2%2Fcomments&post=1498"}],"wp:featuredmedia":[{"embeddable":true,"href":"https:\/\/zrob-swiece.pl\/index.php?rest_route=\/wp\/v2\/media\/1499"}],"wp:attachment":[{"href":"https:\/\/zrob-swiece.pl\/index.php?rest_route=%2Fwp%2Fv2%2Fmedia&parent=1498"}],"wp:term":[{"taxonomy":"product_brand","embeddable":true,"href":"https:\/\/zrob-swiece.pl\/index.php?rest_route=%2Fwp%2Fv2%2Fproduct_brand&post=1498"},{"taxonomy":"product_cat","embeddable":true,"href":"https:\/\/zrob-swiece.pl\/index.php?rest_route=%2Fwp%2Fv2%2Fproduct_cat&post=1498"},{"taxonomy":"product_tag","embeddable":true,"href":"https:\/\/zrob-swiece.pl\/index.php?rest_route=%2Fwp%2Fv2%2Fproduct_tag&post=1498"}],"curies":[{"name":"wp","href":"https:\/\/api.w.org\/{rel}","templated":true}]}}