{"id":1507,"date":"2024-01-02T18:05:15","date_gmt":"2024-01-02T17:05:15","guid":{"rendered":"https:\/\/zrob-swiece.pl\/?post_type=product&#038;p=1507"},"modified":"2024-01-03T19:26:36","modified_gmt":"2024-01-03T18:26:36","slug":"02-olejek-zapachowy-zielona-herbata","status":"publish","type":"product","link":"https:\/\/zrob-swiece.pl\/?product=02-olejek-zapachowy-zielona-herbata","title":{"rendered":"02 Olejek zapachowy Zielona Herbata"},"content":{"rendered":"<h4>Znakomity olejek o zapachu ZIELONEJ HERBATY<\/h4>\n<p>Olejek o zapachu zielonej herbaty sk\u0142ada si\u0119 z cytrusowych i kwiatowych nut zapachowych. Ten lekko orze\u017awiaj\u0105cy, energetyczny aromat przywodzi na my\u015bl beztroskie lato i lemoniad\u0119. Pobudza tak\u017ce zmys\u0142y i dodaje energii na ca\u0142y dzie\u0144.<\/p>\n<p><strong>Butelka:<\/strong> Szklana<br \/>\n<strong>Kroplomierz:<\/strong> TAK<br \/>\n<strong>Obj\u0119to\u015b\u0107:<\/strong> 10 ml<br \/>\n<strong>Zastosowanie :<\/strong> Dodatek do wosk\u00f3w oraz podgrzewaczy<\/p>\n<p>Olejki s\u0105 dodawane do Naszych produkt\u00f3w kt\u00f3re sprzedajemy. Jeste\u015bmy pewni jako\u015bci oraz doradzamy w jakich proporcjach nale\u017cy je stosowa\u0107. Olejki posiadamy na stanie magazynowym, wi\u0119c wysy\u0142amy w dzie\u0144 zakupu w godzinach pracy.<\/p>\n<p>Mo\u017cliwo\u015b\u0107 sprzeda\u017cy 0,5 oraz 1 l<\/p>\n<p><strong>Mo\u017cliwy odbi\u00f3r osobisty w Krakowie<\/strong> w naszym sklepie firmowym lub te\u017c transport na terenie Krakowa*<\/p>\n","protected":false},"excerpt":{"rendered":"<p>Znakomity olejek o zapachu ZIELONEJ HERBATY Olejek o zapachu zielonej herbaty sk\u0142ada si\u0119 z cytrusowych i kwiatowych nut zapachowych. Ten lekko orze\u017awiaj\u0105cy, energetyczny aromat przywodzi na my\u015bl beztroskie lato i lemoniad\u0119. Pobudza tak\u017ce zmys\u0142y i dodaje energii na ca\u0142y dzie\u0144. Butelka: Szklana Kroplomierz: TAK Obj\u0119to\u015b\u0107: 10 ml Zastosowanie : Dodatek do wosk\u00f3w oraz podgrzewaczy Olejki&#8230;<\/p>\n","protected":false},"featured_media":1511,"comment_status":"open","ping_status":"closed","template":"","meta":{"_kad_post_transparent":"default","_kad_post_title":"","_kad_post_layout":"default","_kad_post_sidebar_id":"","_kad_post_content_style":"default","_kad_post_vertical_padding":"default","_kad_post_feature":"","_kad_post_feature_position":"","_kad_post_header":false,"_kad_post_footer":false},"product_brand":[],"product_cat":[69],"product_tag":[77,70,73,71,78,75,74,76],"class_list":{"0":"post-1507","1":"product","2":"type-product","3":"status-publish","4":"has-post-thumbnail","6":"product_cat-olejki-zapachowe","7":"product_tag-olejek-do-produkcji-swiec","8":"product_tag-olejek-do-swiecy","9":"product_tag-olejek-do-wosku-sojowego","10":"product_tag-olejki-do-swiec","11":"product_tag-olejki-do-swieczek","12":"product_tag-olejki-do-tabliczek-zapachowych","13":"product_tag-olejki-do-zapachowe","14":"product_tag-olejki-zapachowe","16":"first","17":"instock","18":"shipping-taxable","19":"purchasable","20":"product-type-variable","21":"entry","22":"content-bg","23":"loop-entry"},"_links":{"self":[{"href":"https:\/\/zrob-swiece.pl\/index.php?rest_route=\/wp\/v2\/product\/1507","targetHints":{"allow":["GET"]}}],"collection":[{"href":"https:\/\/zrob-swiece.pl\/index.php?rest_route=\/wp\/v2\/product"}],"about":[{"href":"https:\/\/zrob-swiece.pl\/index.php?rest_route=\/wp\/v2\/types\/product"}],"replies":[{"embeddable":true,"href":"https:\/\/zrob-swiece.pl\/index.php?rest_route=%2Fwp%2Fv2%2Fcomments&post=1507"}],"wp:featuredmedia":[{"embeddable":true,"href":"https:\/\/zrob-swiece.pl\/index.php?rest_route=\/wp\/v2\/media\/1511"}],"wp:attachment":[{"href":"https:\/\/zrob-swiece.pl\/index.php?rest_route=%2Fwp%2Fv2%2Fmedia&parent=1507"}],"wp:term":[{"taxonomy":"product_brand","embeddable":true,"href":"https:\/\/zrob-swiece.pl\/index.php?rest_route=%2Fwp%2Fv2%2Fproduct_brand&post=1507"},{"taxonomy":"product_cat","embeddable":true,"href":"https:\/\/zrob-swiece.pl\/index.php?rest_route=%2Fwp%2Fv2%2Fproduct_cat&post=1507"},{"taxonomy":"product_tag","embeddable":true,"href":"https:\/\/zrob-swiece.pl\/index.php?rest_route=%2Fwp%2Fv2%2Fproduct_tag&post=1507"}],"curies":[{"name":"wp","href":"https:\/\/api.w.org\/{rel}","templated":true}]}}