{"id":1513,"date":"2024-01-02T20:48:45","date_gmt":"2024-01-02T19:48:45","guid":{"rendered":"https:\/\/zrob-swiece.pl\/?post_type=product&#038;p=1513"},"modified":"2024-01-03T22:00:07","modified_gmt":"2024-01-03T21:00:07","slug":"03-olejek-zapachowy-do-swiec-swiateczne-ciastko","status":"publish","type":"product","link":"https:\/\/zrob-swiece.pl\/?product=03-olejek-zapachowy-do-swiec-swiateczne-ciastko","title":{"rendered":"03 Olejek zapachowy  \u015awi\u0105teczne ciastko"},"content":{"rendered":"<h4>Znakomity olejek o zapachu ZIELONEJ HERBATY<\/h4>\n<p>Zapach \u015awi\u0105tecznego ciastka to prawdziwa uczta dla zmys\u0142\u00f3w, kt\u00f3ra przenosi ci\u0119 do ciep\u0142ej i przytulnej kuchni w dniu \u015bwi\u0105tecznym. G\u0142\u0119bokie nuty tego olejku zaczynaj\u0105 si\u0119 od uderzenia aromatu wanilii, kt\u00f3re otacza ci\u0119 delikatn\u0105 s\u0142odycz\u0105 i ciep\u0142em. To jakby\u015b otworzy\u0142 drzwi piekarni, a zapach \u015bwie\u017co upieczonych ciastek wita ci\u0119 przyjemnym u\u015bciskiem. Po chwili do\u0142\u0105czaj\u0105 do niego nuty cynamonu, delikatnie skr\u0119caj\u0105ce si\u0119 w powietrzu, jakby\u015b w\u0142a\u015bnie zanurzy\u0142 nos w misce z przyprawami \u015bwi\u0105tecznymi. Cynamon dodaje zapachowi charakterystycznej pikantno\u015bci, podkre\u015blaj\u0105c s\u0142odki bukiet wanilii.<\/p>\n<p><strong>Butelka:<\/strong> Szklana<br \/>\n<strong>Kroplomierz:<\/strong> TAK<br \/>\n<strong>Obj\u0119to\u015b\u0107:<\/strong>\u00a010 ml<br \/>\n<strong>Zastosowanie:<\/strong> Dodatek do wosk\u00f3w oraz podgrzewaczy<\/p>\n<p>Olejki s\u0105 dodawane do Naszych produkt\u00f3w kt\u00f3re sprzedajemy. Jeste\u015bmy pewni jako\u015bci oraz doradzamy w jakich proporcjach nale\u017cy je stosowa\u0107. Olejki posiadamy na stanie magazynowym, wi\u0119c wysy\u0142amy w dzie\u0144 zakupu w godzinach pracy.<\/p>\n<p>Mo\u017cliwo\u015b\u0107 sprzeda\u017cy 0,5 oraz 1 l<\/p>\n<p><strong>Mo\u017cliwy odbi\u00f3r osobisty w Krakowie<\/strong> w naszym sklepie firmowym lub te\u017c transport na terenie Krakowa*<\/p>\n","protected":false},"excerpt":{"rendered":"<p>Znakomity olejek o zapachu ZIELONEJ HERBATY Zapach \u015awi\u0105tecznego ciastka to prawdziwa uczta dla zmys\u0142\u00f3w, kt\u00f3ra przenosi ci\u0119 do ciep\u0142ej i przytulnej kuchni w dniu \u015bwi\u0105tecznym. G\u0142\u0119bokie nuty tego olejku zaczynaj\u0105 si\u0119 od uderzenia aromatu wanilii, kt\u00f3re otacza ci\u0119 delikatn\u0105 s\u0142odycz\u0105 i ciep\u0142em. To jakby\u015b otworzy\u0142 drzwi piekarni, a zapach \u015bwie\u017co upieczonych ciastek wita ci\u0119 przyjemnym&#8230;<\/p>\n","protected":false},"featured_media":1514,"comment_status":"open","ping_status":"closed","template":"","meta":{"_kad_post_transparent":"default","_kad_post_title":"","_kad_post_layout":"default","_kad_post_sidebar_id":"","_kad_post_content_style":"default","_kad_post_vertical_padding":"default","_kad_post_feature":"","_kad_post_feature_position":"","_kad_post_header":false,"_kad_post_footer":false},"product_brand":[],"product_cat":[69],"product_tag":[77,70,79,73,80,78,81,82],"class_list":{"0":"post-1513","1":"product","2":"type-product","3":"status-publish","4":"has-post-thumbnail","6":"product_cat-olejki-zapachowe","7":"product_tag-olejek-do-produkcji-swiec","8":"product_tag-olejek-do-swiecy","9":"product_tag-olejek-do-swiecy-swiatecznej","10":"product_tag-olejek-do-wosku-sojowego","11":"product_tag-olejek-swiateczne-ciastko","12":"product_tag-olejki-do-swieczek","13":"product_tag-olejki-swiateczne-do-swiec","14":"product_tag-swiateczne-ciastko","16":"first","17":"instock","18":"sale","19":"shipping-taxable","20":"purchasable","21":"product-type-variable","22":"entry","23":"content-bg","24":"loop-entry"},"_links":{"self":[{"href":"https:\/\/zrob-swiece.pl\/index.php?rest_route=\/wp\/v2\/product\/1513","targetHints":{"allow":["GET"]}}],"collection":[{"href":"https:\/\/zrob-swiece.pl\/index.php?rest_route=\/wp\/v2\/product"}],"about":[{"href":"https:\/\/zrob-swiece.pl\/index.php?rest_route=\/wp\/v2\/types\/product"}],"replies":[{"embeddable":true,"href":"https:\/\/zrob-swiece.pl\/index.php?rest_route=%2Fwp%2Fv2%2Fcomments&post=1513"}],"wp:featuredmedia":[{"embeddable":true,"href":"https:\/\/zrob-swiece.pl\/index.php?rest_route=\/wp\/v2\/media\/1514"}],"wp:attachment":[{"href":"https:\/\/zrob-swiece.pl\/index.php?rest_route=%2Fwp%2Fv2%2Fmedia&parent=1513"}],"wp:term":[{"taxonomy":"product_brand","embeddable":true,"href":"https:\/\/zrob-swiece.pl\/index.php?rest_route=%2Fwp%2Fv2%2Fproduct_brand&post=1513"},{"taxonomy":"product_cat","embeddable":true,"href":"https:\/\/zrob-swiece.pl\/index.php?rest_route=%2Fwp%2Fv2%2Fproduct_cat&post=1513"},{"taxonomy":"product_tag","embeddable":true,"href":"https:\/\/zrob-swiece.pl\/index.php?rest_route=%2Fwp%2Fv2%2Fproduct_tag&post=1513"}],"curies":[{"name":"wp","href":"https:\/\/api.w.org\/{rel}","templated":true}]}}