{"id":1518,"date":"2024-01-02T21:02:16","date_gmt":"2024-01-02T20:02:16","guid":{"rendered":"https:\/\/zrob-swiece.pl\/?post_type=product&#038;p=1518"},"modified":"2024-01-03T19:32:08","modified_gmt":"2024-01-03T18:32:08","slug":"04-olejek-zapachowy-jablka-z-cynamonem","status":"publish","type":"product","link":"https:\/\/zrob-swiece.pl\/?product=04-olejek-zapachowy-jablka-z-cynamonem","title":{"rendered":"04. Olejek zapachowy Jab\u0142ko z cynamonem"},"content":{"rendered":"<h4><strong>Znakomity olejek o zapachu JAB\u0141KA Z CYNAMONEM<\/strong><\/h4>\n<p>Aromat Jab\u0142ka z Cynamonem: Intensywny zapach soczystego jab\u0142ka, uzupe\u0142niony ciep\u0142em aromatu cynamonu. To idealne po\u0142\u0105czenie owocowej \u015bwie\u017co\u015bci z przyjemn\u0105 nut\u0105 przyprawy korzennej, kt\u00f3re skomponowane s\u0105 w harmoni\u0119 pe\u0142n\u0105 charakteru.<\/p>\n<p><strong>Butelka:<\/strong> Szklana<br \/>\n<strong>Kroplomierz:<\/strong> TAK<br \/>\n<strong>Obj\u0119to\u015b\u0107:<\/strong> 10\/ 50\/100 ml<br \/>\n<strong>Zastosowanie<\/strong> : Dodatek do wosk\u00f3w oraz podgrzewaczy<\/p>\n<p>Olejki s\u0105 dodawane do Naszych produkt\u00f3w kt\u00f3re sprzedajemy. Jeste\u015bmy pewni jako\u015bci oraz doradzamy w jakich proporcjach nale\u017cy je stosowa\u0107. Olejki posiadamy na stanie magazynowym, wi\u0119c wysy\u0142amy w dzie\u0144 zakupu w godzinach pracy.<\/p>\n<p>Mo\u017cliwo\u015b\u0107 sprzeda\u017cy 0,5 oraz 1 l<\/p>\n<p><strong>Mo\u017cliwy odbi\u00f3r osobisty w Krakowie<\/strong> w naszym sklepie firmowym lub te\u017c transport na terenie Krakowa*<\/p>\n","protected":false},"excerpt":{"rendered":"<p>Znakomity olejek o zapachu JAB\u0141KA Z CYNAMONEM Aromat Jab\u0142ka z Cynamonem: Intensywny zapach soczystego jab\u0142ka, uzupe\u0142niony ciep\u0142em aromatu cynamonu. To idealne po\u0142\u0105czenie owocowej \u015bwie\u017co\u015bci z przyjemn\u0105 nut\u0105 przyprawy korzennej, kt\u00f3re skomponowane s\u0105 w harmoni\u0119 pe\u0142n\u0105 charakteru. Butelka: Szklana Kroplomierz: TAK Obj\u0119to\u015b\u0107: 10\/ 50\/100 ml Zastosowanie : Dodatek do wosk\u00f3w oraz podgrzewaczy Olejki s\u0105 dodawane do&#8230;<\/p>\n","protected":false},"featured_media":1522,"comment_status":"open","ping_status":"closed","template":"","meta":{"_kad_post_transparent":"default","_kad_post_title":"","_kad_post_layout":"default","_kad_post_sidebar_id":"","_kad_post_content_style":"default","_kad_post_vertical_padding":"default","_kad_post_feature":"","_kad_post_feature_position":"","_kad_post_header":false,"_kad_post_footer":false},"product_brand":[],"product_cat":[69],"product_tag":[70,83,79,73,71,75],"class_list":{"0":"post-1518","1":"product","2":"type-product","3":"status-publish","4":"has-post-thumbnail","6":"product_cat-olejki-zapachowe","7":"product_tag-olejek-do-swiecy","8":"product_tag-olejek-do-swiecy-jablko-z-cynamonem","9":"product_tag-olejek-do-swiecy-swiatecznej","10":"product_tag-olejek-do-wosku-sojowego","11":"product_tag-olejki-do-swiec","12":"product_tag-olejki-do-tabliczek-zapachowych","14":"first","15":"instock","16":"sale","17":"shipping-taxable","18":"purchasable","19":"product-type-variable","20":"entry","21":"content-bg","22":"loop-entry"},"_links":{"self":[{"href":"https:\/\/zrob-swiece.pl\/index.php?rest_route=\/wp\/v2\/product\/1518","targetHints":{"allow":["GET"]}}],"collection":[{"href":"https:\/\/zrob-swiece.pl\/index.php?rest_route=\/wp\/v2\/product"}],"about":[{"href":"https:\/\/zrob-swiece.pl\/index.php?rest_route=\/wp\/v2\/types\/product"}],"replies":[{"embeddable":true,"href":"https:\/\/zrob-swiece.pl\/index.php?rest_route=%2Fwp%2Fv2%2Fcomments&post=1518"}],"wp:featuredmedia":[{"embeddable":true,"href":"https:\/\/zrob-swiece.pl\/index.php?rest_route=\/wp\/v2\/media\/1522"}],"wp:attachment":[{"href":"https:\/\/zrob-swiece.pl\/index.php?rest_route=%2Fwp%2Fv2%2Fmedia&parent=1518"}],"wp:term":[{"taxonomy":"product_brand","embeddable":true,"href":"https:\/\/zrob-swiece.pl\/index.php?rest_route=%2Fwp%2Fv2%2Fproduct_brand&post=1518"},{"taxonomy":"product_cat","embeddable":true,"href":"https:\/\/zrob-swiece.pl\/index.php?rest_route=%2Fwp%2Fv2%2Fproduct_cat&post=1518"},{"taxonomy":"product_tag","embeddable":true,"href":"https:\/\/zrob-swiece.pl\/index.php?rest_route=%2Fwp%2Fv2%2Fproduct_tag&post=1518"}],"curies":[{"name":"wp","href":"https:\/\/api.w.org\/{rel}","templated":true}]}}