{"id":1523,"date":"2024-01-02T21:25:26","date_gmt":"2024-01-02T20:25:26","guid":{"rendered":"https:\/\/zrob-swiece.pl\/?post_type=product&#038;p=1523"},"modified":"2024-01-12T05:52:23","modified_gmt":"2024-01-12T04:52:23","slug":"05-olejek-zapachowy-pieczone-jablko","status":"publish","type":"product","link":"https:\/\/zrob-swiece.pl\/?product=05-olejek-zapachowy-pieczone-jablko","title":{"rendered":"05 Olejek zapachowy Pieczone jab\u0142ko"},"content":{"rendered":"<p>Znakomity olejek o zapachu PIECZONEGO JAB\u0141KA<\/p>\n<p>Olejek ten uwalnia zapach ciep\u0142ej, dopiero upieczonej szarlotki, tworzy w pomieszczeniu przyjemn\u0105 \u015bwi\u0105teczn\u0105, weso\u0142\u0105 atmosfer\u0119.<\/p>\n<p>Butelka: Szklana<br \/>\nKroplomierz: TAK<br \/>\nObj\u0119to\u015b\u0107 10\/ 50\/100 ml<br \/>\nZastosowanie : Dodatek do wosk\u00f3w oraz podgrzewaczy<\/p>\n<p>Olejki s\u0105 dodawane do Naszych produkt\u00f3w kt\u00f3re sprzedajemy. Jeste\u015bmy pewni ich jako\u015bci oraz doradzamy w proporcjach jakie nale\u017cy stosowa\u0107.<\/p>\n<p>Zapraszamy na inne aukcje tam dost\u0119pne ilo\u015bci 10, 50, 100, 500ml lub 1l. Zapraszamy r\u00f3wnie\u017c do zakupu surowc\u00f3w do produkcji \u015bwiec oraz myde\u0142.<\/p>\n<p>Mo\u017cliwy odbi\u00f3r osobisty w Krakowie w naszym sklepie firmowym.<\/p>\n","protected":false},"excerpt":{"rendered":"<p>Znakomity olejek o zapachu PIECZONEGO JAB\u0141KA Olejek ten uwalnia zapach ciep\u0142ej, dopiero upieczonej szarlotki, tworzy w pomieszczeniu przyjemn\u0105 \u015bwi\u0105teczn\u0105, weso\u0142\u0105 atmosfer\u0119. Butelka: Szklana Kroplomierz: TAK Obj\u0119to\u015b\u0107 10\/ 50\/100 ml Zastosowanie : Dodatek do wosk\u00f3w oraz podgrzewaczy Olejki s\u0105 dodawane do Naszych produkt\u00f3w kt\u00f3re sprzedajemy. Jeste\u015bmy pewni ich jako\u015bci oraz doradzamy w proporcjach jakie nale\u017cy stosowa\u0107&#8230;.<\/p>\n","protected":false},"featured_media":1524,"comment_status":"open","ping_status":"closed","template":"","meta":{"_kad_post_transparent":"default","_kad_post_title":"","_kad_post_layout":"default","_kad_post_sidebar_id":"","_kad_post_content_style":"default","_kad_post_vertical_padding":"default","_kad_post_feature":"","_kad_post_feature_position":"","_kad_post_header":false,"_kad_post_footer":false},"product_brand":[],"product_cat":[69],"product_tag":[77,85,70,79,84,73],"class_list":{"0":"post-1523","1":"product","2":"type-product","3":"status-publish","4":"has-post-thumbnail","6":"product_cat-olejki-zapachowe","7":"product_tag-olejek-do-produkcji-swiec","8":"product_tag-olejek-do-swiec-handmade","9":"product_tag-olejek-do-swiecy","10":"product_tag-olejek-do-swiecy-swiatecznej","11":"product_tag-olejek-do-tabliczek-zapachowych","12":"product_tag-olejek-do-wosku-sojowego","14":"first","15":"instock","16":"sale","17":"featured","18":"shipping-taxable","19":"purchasable","20":"product-type-variable","21":"entry","22":"content-bg","23":"loop-entry"},"_links":{"self":[{"href":"https:\/\/zrob-swiece.pl\/index.php?rest_route=\/wp\/v2\/product\/1523","targetHints":{"allow":["GET"]}}],"collection":[{"href":"https:\/\/zrob-swiece.pl\/index.php?rest_route=\/wp\/v2\/product"}],"about":[{"href":"https:\/\/zrob-swiece.pl\/index.php?rest_route=\/wp\/v2\/types\/product"}],"replies":[{"embeddable":true,"href":"https:\/\/zrob-swiece.pl\/index.php?rest_route=%2Fwp%2Fv2%2Fcomments&post=1523"}],"wp:featuredmedia":[{"embeddable":true,"href":"https:\/\/zrob-swiece.pl\/index.php?rest_route=\/wp\/v2\/media\/1524"}],"wp:attachment":[{"href":"https:\/\/zrob-swiece.pl\/index.php?rest_route=%2Fwp%2Fv2%2Fmedia&parent=1523"}],"wp:term":[{"taxonomy":"product_brand","embeddable":true,"href":"https:\/\/zrob-swiece.pl\/index.php?rest_route=%2Fwp%2Fv2%2Fproduct_brand&post=1523"},{"taxonomy":"product_cat","embeddable":true,"href":"https:\/\/zrob-swiece.pl\/index.php?rest_route=%2Fwp%2Fv2%2Fproduct_cat&post=1523"},{"taxonomy":"product_tag","embeddable":true,"href":"https:\/\/zrob-swiece.pl\/index.php?rest_route=%2Fwp%2Fv2%2Fproduct_tag&post=1523"}],"curies":[{"name":"wp","href":"https:\/\/api.w.org\/{rel}","templated":true}]}}