{"id":1551,"date":"2024-01-04T21:13:20","date_gmt":"2024-01-04T20:13:20","guid":{"rendered":"https:\/\/zrob-swiece.pl\/?post_type=product&#038;p=1551"},"modified":"2024-01-04T21:13:20","modified_gmt":"2024-01-04T20:13:20","slug":"02-naklejka-informacyjna-na-swiece","status":"publish","type":"product","link":"https:\/\/zrob-swiece.pl\/?product=02-naklejka-informacyjna-na-swiece","title":{"rendered":"02 naklejka informacyjna na \u015bwiece"},"content":{"rendered":"<h2>Naklejka ostrzegawcza na \u015bwiece z piktogramami.<\/h2>\n<p>Zestaw 10 szt naklejek na \u015bwiece handmade. Zawiera wszystkie niezb\u0119dne informacja jakie musz\u0105 si\u0119 znajdowa\u0107 na \u015bwiecach sprzedawanych na naszym rynku.<\/p>\n<p>Rozmiar:<\/p>\n<p>\u015arednica naklejki 5 cm<\/p>\n<p>Ilo\u015b\u0107 : 10 sztuk.<\/p>\n<p><b>Pakowanie:\u00a0<\/b>W trosce o nasz\u0105 planet\u0119, pakujemy nasze produkty w ekologiczne opakowania, minimalizuj\u0105c folie oraz produkty trudno degradowalne.<\/p>\n","protected":false},"excerpt":{"rendered":"<p>Naklejka ostrzegawcza na \u015bwiece z piktogramami. Zestaw 10 szt naklejek na \u015bwiece handmade. Zawiera wszystkie niezb\u0119dne informacja jakie musz\u0105 si\u0119 znajdowa\u0107 na \u015bwiecach sprzedawanych na naszym rynku. Rozmiar: \u015arednica naklejki 5 cm Ilo\u015b\u0107 : 10 sztuk. Pakowanie:\u00a0W trosce o nasz\u0105 planet\u0119, pakujemy nasze produkty w ekologiczne opakowania, minimalizuj\u0105c folie oraz produkty trudno degradowalne.<\/p>\n","protected":false},"featured_media":1552,"comment_status":"open","ping_status":"closed","template":"","meta":{"_kad_post_transparent":"default","_kad_post_title":"","_kad_post_layout":"default","_kad_post_sidebar_id":"","_kad_post_content_style":"default","_kad_post_vertical_padding":"default","_kad_post_feature":"","_kad_post_feature_position":"","_kad_post_header":false,"_kad_post_footer":false},"product_brand":[],"product_cat":[87],"product_tag":[100,101,99,103,102,98],"class_list":{"0":"post-1551","1":"product","2":"type-product","3":"status-publish","4":"has-post-thumbnail","6":"product_cat-akcesoria-do-swiec","7":"product_tag-etykiety-ostrzegawcze-na-swiece","8":"product_tag-etykiety-na-swiece","9":"product_tag-naklejki-na-swiece","10":"product_tag-naklejki-ostrzegawcze-handamade","11":"product_tag-naklejki-z-piktogramami","12":"product_tag-piktogramy-na-swiece","14":"first","15":"instock","16":"shipping-taxable","17":"purchasable","18":"product-type-simple","19":"entry","20":"content-bg","21":"loop-entry"},"_links":{"self":[{"href":"https:\/\/zrob-swiece.pl\/index.php?rest_route=\/wp\/v2\/product\/1551","targetHints":{"allow":["GET"]}}],"collection":[{"href":"https:\/\/zrob-swiece.pl\/index.php?rest_route=\/wp\/v2\/product"}],"about":[{"href":"https:\/\/zrob-swiece.pl\/index.php?rest_route=\/wp\/v2\/types\/product"}],"replies":[{"embeddable":true,"href":"https:\/\/zrob-swiece.pl\/index.php?rest_route=%2Fwp%2Fv2%2Fcomments&post=1551"}],"wp:featuredmedia":[{"embeddable":true,"href":"https:\/\/zrob-swiece.pl\/index.php?rest_route=\/wp\/v2\/media\/1552"}],"wp:attachment":[{"href":"https:\/\/zrob-swiece.pl\/index.php?rest_route=%2Fwp%2Fv2%2Fmedia&parent=1551"}],"wp:term":[{"taxonomy":"product_brand","embeddable":true,"href":"https:\/\/zrob-swiece.pl\/index.php?rest_route=%2Fwp%2Fv2%2Fproduct_brand&post=1551"},{"taxonomy":"product_cat","embeddable":true,"href":"https:\/\/zrob-swiece.pl\/index.php?rest_route=%2Fwp%2Fv2%2Fproduct_cat&post=1551"},{"taxonomy":"product_tag","embeddable":true,"href":"https:\/\/zrob-swiece.pl\/index.php?rest_route=%2Fwp%2Fv2%2Fproduct_tag&post=1551"}],"curies":[{"name":"wp","href":"https:\/\/api.w.org\/{rel}","templated":true}]}}