{"id":1726,"date":"2024-03-17T15:30:27","date_gmt":"2024-03-17T14:30:27","guid":{"rendered":"https:\/\/zrob-swiece.pl\/?post_type=product&#038;p=1726"},"modified":"2025-08-03T17:16:37","modified_gmt":"2025-08-03T15:16:37","slug":"05-wosk-sojowy-karasoy-container-1-20kg","status":"publish","type":"product","link":"https:\/\/zrob-swiece.pl\/?product=05-wosk-sojowy-karasoy-container-1-20kg","title":{"rendered":"Wosk sojowy KaraSoy Container 1-20kg \u015bwiece zalewane Krak\u00f3w"},"content":{"rendered":"<h2 data-start=\"116\" data-end=\"190\"><strong data-start=\"119\" data-end=\"190\">Wosk sojowy Kerax Container \u2013 naturalny wosk do \u015bwiec w pojemnikach<\/strong><\/h2>\n<p data-start=\"192\" data-end=\"550\"><strong data-start=\"192\" data-end=\"211\">Kerax Container<\/strong> to wysokiej jako\u015bci, naturalny wosk sojowy stworzony specjalnie do produkcji <strong data-start=\"289\" data-end=\"312\">\u015bwiec w pojemnikach<\/strong>. Jego unikalna receptura sprawia, \u017ce \u015bwieca po zastygni\u0119ciu ma <strong data-start=\"376\" data-end=\"410\">g\u0142adk\u0105, eleganck\u0105 powierzchni\u0119<\/strong> i idealnie przylega do \u015bcianek naczynia. Dzi\u0119ki doskona\u0142emu wi\u0105zaniu zapachu pozwala tworzy\u0107 \u015bwiece o intensywnym, d\u0142ugotrwa\u0142ym aromacie.<\/p>\n<p data-start=\"552\" data-end=\"707\">To wosk <strong data-start=\"560\" data-end=\"579\">\u0142atwy w obr\u00f3bce<\/strong>, dlatego \u015bwietnie sprawdzi si\u0119 zar\u00f3wno u os\u00f3b zaczynaj\u0105cych swoj\u0105 przygod\u0119 z robieniem \u015bwiec, jak i w profesjonalnej produkcji.<\/p>\n<hr data-start=\"709\" data-end=\"712\" \/>\n<h3 data-start=\"714\" data-end=\"760\"><strong data-start=\"718\" data-end=\"760\">Dlaczego warto wybra\u0107 Kerax Container?<\/strong><\/h3>\n<ul data-start=\"761\" data-end=\"1147\">\n<li data-start=\"761\" data-end=\"819\">\n<p data-start=\"763\" data-end=\"819\">\u2705 100% naturalny \u2013 bez parafiny i toksycznych dodatk\u00f3w<\/p>\n<\/li>\n<li data-start=\"820\" data-end=\"906\">\n<p data-start=\"822\" data-end=\"906\">\u2705 Stworzony specjalnie do \u015bwiec w pojemnikach \u2013 brak p\u0119kni\u0119\u0107 i odspajania od szk\u0142a<\/p>\n<\/li>\n<li data-start=\"907\" data-end=\"983\">\n<p data-start=\"909\" data-end=\"983\">\u2705 Doskonale trzyma zapach \u2013 idealny do olejk\u00f3w zapachowych i eterycznych<\/p>\n<\/li>\n<li data-start=\"984\" data-end=\"1044\">\n<p data-start=\"986\" data-end=\"1044\">\u2705 G\u0142adka, estetyczna powierzchnia \u015bwiecy po zastygni\u0119ciu<\/p>\n<\/li>\n<li data-start=\"1045\" data-end=\"1086\">\n<p data-start=\"1047\" data-end=\"1086\">\u2705 Bezpieczny dla zdrowia i \u015brodowiska<\/p>\n<\/li>\n<li data-start=\"1087\" data-end=\"1147\">\n<p data-start=\"1089\" data-end=\"1147\">\u2705 Dost\u0119pny <strong data-start=\"1100\" data-end=\"1145\">od r\u0119ki w sklepie stacjonarnym w Krakowie<\/strong><\/p>\n<\/li>\n<\/ul>\n<hr data-start=\"1149\" data-end=\"1152\" \/>\n<h3 data-start=\"1154\" data-end=\"1206\"><strong data-start=\"1158\" data-end=\"1206\">Jak roztopi\u0107 i u\u017cywa\u0107 wosku Kerax Container?<\/strong><\/h3>\n<ol data-start=\"1207\" data-end=\"1579\">\n<li data-start=\"1207\" data-end=\"1259\">\n<p data-start=\"1210\" data-end=\"1259\"><strong data-start=\"1210\" data-end=\"1236\">Przygotuj k\u0105piel wodn\u0105<\/strong> lub topnik do wosku.<\/p>\n<\/li>\n<li data-start=\"1260\" data-end=\"1334\">\n<p data-start=\"1263\" data-end=\"1334\"><strong data-start=\"1263\" data-end=\"1276\">Wsyp wosk<\/strong> do naczynia i podgrzewaj powoli, bez kontaktu z ogniem.<\/p>\n<\/li>\n<li data-start=\"1335\" data-end=\"1382\">\n<p data-start=\"1338\" data-end=\"1382\"><strong data-start=\"1338\" data-end=\"1364\">Temperatura topnienia:<\/strong> ok. <strong data-start=\"1369\" data-end=\"1380\">42\u201348\u00b0C<\/strong><\/p>\n<\/li>\n<li data-start=\"1383\" data-end=\"1460\">\n<p data-start=\"1386\" data-end=\"1460\">Po roztopieniu dodaj <strong data-start=\"1407\" data-end=\"1427\">olejek zapachowy<\/strong> lub <strong data-start=\"1432\" data-end=\"1443\">barwnik<\/strong> (opcjonalnie).<\/p>\n<\/li>\n<li data-start=\"1461\" data-end=\"1500\">\n<p data-start=\"1464\" data-end=\"1500\"><strong data-start=\"1464\" data-end=\"1490\">Temperatura zalewania:<\/strong> 45\u201355\u00b0C<\/p>\n<\/li>\n<li data-start=\"1461\" data-end=\"1500\">Ilo\u015bc dodawanych olejk\u00f3w % \u00a0<strong>10-12<\/strong><\/li>\n<li data-start=\"1501\" data-end=\"1579\">\n<p data-start=\"1504\" data-end=\"1579\">Wlej wosk do przygotowanego pojemnika i pozostaw do ca\u0142kowitego st\u0119\u017cenia.<\/p>\n<\/li>\n<\/ol>\n<hr data-start=\"1581\" data-end=\"1584\" \/>\n<h3 data-start=\"1586\" data-end=\"1628\"><strong data-start=\"1590\" data-end=\"1628\">Wskaz\u00f3wki dla najlepszych efekt\u00f3w:<\/strong><\/h3>\n<ul data-start=\"1629\" data-end=\"1873\">\n<li data-start=\"1629\" data-end=\"1700\">\n<p data-start=\"1631\" data-end=\"1700\">Unikaj przegrzewania powy\u017cej 80\u00b0C, aby nie pogorszy\u0107 jako\u015bci wosku.<\/p>\n<\/li>\n<li data-start=\"1701\" data-end=\"1777\">\n<p data-start=\"1703\" data-end=\"1777\">Dodawaj zapach w temperaturze ok. 45-55\u00b0C dla najlepszej trwa\u0142o\u015bci aromatu.<\/p>\n<\/li>\n<li data-start=\"1778\" data-end=\"1873\">\n<p data-start=\"1780\" data-end=\"1873\">\u015awiece pozostaw do pe\u0142nego utwardzenia przez minimum 1 tydzie\u0144 \u00a0przed pierwszym zapaleniem.<\/p>\n<\/li>\n<\/ul>\n<hr data-start=\"1875\" data-end=\"1878\" \/>\n<h3 data-start=\"1880\" data-end=\"1909\"><strong data-start=\"1884\" data-end=\"1909\">Parametry techniczne:<\/strong><\/h3>\n<ul data-start=\"1910\" data-end=\"2139\">\n<li data-start=\"1910\" data-end=\"1959\">\n<p data-start=\"1912\" data-end=\"1959\">Rodzaj: wosk sojowy naturalny Kerax Container<\/p>\n<\/li>\n<li data-start=\"1960\" data-end=\"1978\">\n<p data-start=\"1962\" data-end=\"1978\">Posta\u0107: p\u0142atki<\/p>\n<\/li>\n<li data-start=\"1979\" data-end=\"2003\">\n<p data-start=\"1981\" data-end=\"2003\">Kolor: kremowo-bia\u0142y<\/p>\n<\/li>\n<li data-start=\"2004\" data-end=\"2038\">\n<p data-start=\"2006\" data-end=\"2038\">Temperatura topnienia: 42\u201348\u00b0C<\/p>\n<\/li>\n<li data-start=\"2039\" data-end=\"2082\">\n<p data-start=\"2041\" data-end=\"2082\">Zalecana temperatura zalewania: 45\u201355\u00b0C<\/p>\n<\/li>\n<li data-start=\"2083\" data-end=\"2139\">\n<p data-start=\"2085\" data-end=\"2139\">Zastosowanie: \u015bwiece w pojemnikach, \u015bwiece zapachowe<\/p>\n<\/li>\n<\/ul>\n<hr data-start=\"2141\" data-end=\"2144\" \/>\n<h3 data-start=\"2146\" data-end=\"2172\"><strong data-start=\"2150\" data-end=\"2172\">Dost\u0119pno\u015b\u0107 i zakup<\/strong><\/h3>\n<p data-start=\"2173\" data-end=\"2342\">Wosk sojowy Kerax Container jest dost\u0119pny <strong data-start=\"2215\" data-end=\"2260\">od r\u0119ki w sklepie stacjonarnym w Krakowie<\/strong> lub z wysy\u0142k\u0105 w ca\u0142ej Polsce. Pakowany w worki <strong data-start=\"2308\" data-end=\"2341\">1 kg, 2,5 kg, 5 kg oraz 25 kg<\/strong>.<\/p>\n<hr data-start=\"2344\" data-end=\"2347\" \/>\n<p data-start=\"2349\" data-end=\"2527\"><br data-start=\"2381\" data-end=\"2384\" \/>wosk sojowy do \u015bwiec w pojemnikach, Kerax Container, wosk do \u015bwiec Krak\u00f3w, naturalny wosk sojowy, wosk do \u015bwiec zapachowych, wosk sojowy Kerax.<\/p>\n","protected":false},"excerpt":{"rendered":"<p>Wosk sojowy Kerax Container \u2013 naturalny wosk do \u015bwiec w pojemnikach Kerax Container to wysokiej jako\u015bci, naturalny wosk sojowy stworzony specjalnie do produkcji \u015bwiec w pojemnikach. Jego unikalna receptura sprawia, \u017ce \u015bwieca po zastygni\u0119ciu ma g\u0142adk\u0105, eleganck\u0105 powierzchni\u0119 i idealnie przylega do \u015bcianek naczynia. Dzi\u0119ki doskona\u0142emu wi\u0105zaniu zapachu pozwala tworzy\u0107 \u015bwiece o intensywnym, d\u0142ugotrwa\u0142ym aromacie&#8230;.<\/p>\n","protected":false},"featured_media":1870,"comment_status":"open","ping_status":"closed","template":"","meta":{"_kad_post_transparent":"default","_kad_post_title":"","_kad_post_layout":"default","_kad_post_sidebar_id":"","_kad_post_content_style":"default","_kad_post_vertical_padding":"default","_kad_post_feature":"","_kad_post_feature_position":"","_kad_post_header":false,"_kad_post_footer":false},"product_brand":[],"product_cat":[51],"product_tag":[187,189,188,192,44,190,186,191],"class_list":{"0":"post-1726","1":"product","2":"type-product","3":"status-publish","4":"has-post-thumbnail","6":"product_cat-woski-sojowe","7":"product_tag-kerasoy-container-4130","8":"product_tag-kerax-contanier-4230","9":"product_tag-kerax-wosk-sojowy","10":"product_tag-wosk","11":"product_tag-wosk-sojowy","12":"product_tag-wosk-sojowy-bez-gmo","13":"product_tag-wosk-sojowy-keraxsoy","14":"product_tag-wosk-sojowy-naturalny","16":"first","17":"instock","18":"shipping-taxable","19":"purchasable","20":"product-type-variable","21":"entry","22":"content-bg","23":"loop-entry"},"_links":{"self":[{"href":"https:\/\/zrob-swiece.pl\/index.php?rest_route=\/wp\/v2\/product\/1726","targetHints":{"allow":["GET"]}}],"collection":[{"href":"https:\/\/zrob-swiece.pl\/index.php?rest_route=\/wp\/v2\/product"}],"about":[{"href":"https:\/\/zrob-swiece.pl\/index.php?rest_route=\/wp\/v2\/types\/product"}],"replies":[{"embeddable":true,"href":"https:\/\/zrob-swiece.pl\/index.php?rest_route=%2Fwp%2Fv2%2Fcomments&post=1726"}],"wp:featuredmedia":[{"embeddable":true,"href":"https:\/\/zrob-swiece.pl\/index.php?rest_route=\/wp\/v2\/media\/1870"}],"wp:attachment":[{"href":"https:\/\/zrob-swiece.pl\/index.php?rest_route=%2Fwp%2Fv2%2Fmedia&parent=1726"}],"wp:term":[{"taxonomy":"product_brand","embeddable":true,"href":"https:\/\/zrob-swiece.pl\/index.php?rest_route=%2Fwp%2Fv2%2Fproduct_brand&post=1726"},{"taxonomy":"product_cat","embeddable":true,"href":"https:\/\/zrob-swiece.pl\/index.php?rest_route=%2Fwp%2Fv2%2Fproduct_cat&post=1726"},{"taxonomy":"product_tag","embeddable":true,"href":"https:\/\/zrob-swiece.pl\/index.php?rest_route=%2Fwp%2Fv2%2Fproduct_tag&post=1726"}],"curies":[{"name":"wp","href":"https:\/\/api.w.org\/{rel}","templated":true}]}}