{"id":1773,"date":"2024-03-17T19:14:50","date_gmt":"2024-03-17T18:14:50","guid":{"rendered":"https:\/\/zrob-swiece.pl\/?post_type=product&#038;p=1773"},"modified":"2024-03-17T19:16:12","modified_gmt":"2024-03-17T18:16:12","slug":"11-barwnik-do-swiecy-zolty-limonkowy-2g","status":"publish","type":"product","link":"https:\/\/zrob-swiece.pl\/?product=11-barwnik-do-swiecy-zolty-limonkowy-2g","title":{"rendered":"11 Barwnik do \u015bwiecy \u017b\u00f3\u0142ty limonkowy\u00a02g"},"content":{"rendered":"<h2>KOLOR : \u017b\u00f3\u0142ty limonkowy<\/h2>\n<h2>W\u0141A\u015aCIWO\u015aCI:<\/h2>\n<ul>\n<li>temperatura topnienia: ok.\u00a0<strong>65\u00b0C<\/strong>;<\/li>\n<li>proporcje: 2 g na kg;<\/li>\n<li><strong>wyst\u0119puje w postaci proszku (opr\u00f3cz \u017c\u00f3\u0142ty limonkowy);<\/strong><\/li>\n<li><strong>karta charakterystyki<\/strong>;<\/li>\n<li>wysoka i d\u0142ugotrwa\u0142a stabilno\u015b\u0107 koloru;<\/li>\n<li>spe\u0142nia wymagania RAL dla \u015bwiec;<\/li>\n<li>mo\u017cna miesza\u0107 z innymi naszymi barwnikami;<\/li>\n<li><strong>s\u0142u\u017cy do barwienia ka\u017cdego rodzaju \u015bwiec<\/strong>;<\/li>\n<\/ul>\n<h2>ZASTOSOWANIE:<\/h2>\n<ul>\n<li>wosk sojowy<\/li>\n<li>wosk palmowy<\/li>\n<li>wosk pszczeli<\/li>\n<li>\u017cel parafinowy<\/li>\n<li>parafina<\/li>\n<li>stearyna<\/li>\n<\/ul>\n<h2>JAK ROZPU\u015aCI\u0106 BARWNIK?<\/h2>\n<ol>\n<li>Rozpu\u015b\u0107 wosk lub inn\u0105 substancj\u0119 (trzymaj si\u0119 zalecanych temperatur).<strong>\u00a0Barwnik najlepiej dodawa\u0107 w temperaturze 65-70\u00b0C<\/strong>;<\/li>\n<li>Po rozpuszczeniu wosku lub innej substancji, wsyp\u00a0<strong>odpowiedni\u0105<\/strong>\u00a0ilo\u015b\u0107 barwnika. Pami\u0119taj aby dodawa\u0107 barwnik\u00a0<strong>stopniowo,<\/strong>\u00a0nie dodawaj ca\u0142ego barwnika na raz;<\/li>\n<li><strong>Wymieszaj dok\u0142adnie<\/strong>\u00a0barwnik do momentu a\u017c ca\u0142kowicie si\u0119 rozpu\u015bci. Mieszaj dok\u0142adnie oraz powoli;<\/li>\n<li>Je\u015bli kolor jest za jasny &#8211;\u00a0<strong>dodaj<\/strong>\u00a0jeszcze troch\u0119 do uzyskania odpowiedniego odcienia;<\/li>\n<li>Rozlej wosk do pojemnik\u00f3w i poczekaj a\u017c zastygnie (min. 72h)<\/li>\n<\/ol>\n","protected":false},"excerpt":{"rendered":"<p>Wysy\u0142ka od 14,99 &#8211; InPost<\/p>\n","protected":false},"featured_media":1774,"comment_status":"open","ping_status":"closed","template":"","meta":{"_kad_post_transparent":"default","_kad_post_title":"","_kad_post_layout":"default","_kad_post_sidebar_id":"","_kad_post_content_style":"default","_kad_post_vertical_padding":"default","_kad_post_feature":"","_kad_post_feature_position":"","_kad_post_header":false,"_kad_post_footer":false},"product_brand":[],"product_cat":[88,89],"product_tag":[199,197,193,198,194,195,196,200],"class_list":{"0":"post-1773","1":"product","2":"type-product","3":"status-publish","4":"has-post-thumbnail","6":"product_cat-barwniki-do-swiec","7":"product_cat-dodatki","8":"product_tag-barwnik-do-barwienia-swiecy","9":"product_tag-barwnik-do-parafiny","10":"product_tag-barwnik-do-swiecy-sojowej","11":"product_tag-barwnik-do-swiecy-zapachowej","12":"product_tag-barwnik-do-wosku","13":"product_tag-barwnik-do-wosku-sojowego","14":"product_tag-barwniki-do-woskow-sojowych","15":"product_tag-dodatki-do-swiec-sojowych","17":"first","18":"instock","19":"shipping-taxable","20":"purchasable","21":"product-type-simple","22":"entry","23":"content-bg","24":"loop-entry"},"_links":{"self":[{"href":"https:\/\/zrob-swiece.pl\/index.php?rest_route=\/wp\/v2\/product\/1773","targetHints":{"allow":["GET"]}}],"collection":[{"href":"https:\/\/zrob-swiece.pl\/index.php?rest_route=\/wp\/v2\/product"}],"about":[{"href":"https:\/\/zrob-swiece.pl\/index.php?rest_route=\/wp\/v2\/types\/product"}],"replies":[{"embeddable":true,"href":"https:\/\/zrob-swiece.pl\/index.php?rest_route=%2Fwp%2Fv2%2Fcomments&post=1773"}],"wp:featuredmedia":[{"embeddable":true,"href":"https:\/\/zrob-swiece.pl\/index.php?rest_route=\/wp\/v2\/media\/1774"}],"wp:attachment":[{"href":"https:\/\/zrob-swiece.pl\/index.php?rest_route=%2Fwp%2Fv2%2Fmedia&parent=1773"}],"wp:term":[{"taxonomy":"product_brand","embeddable":true,"href":"https:\/\/zrob-swiece.pl\/index.php?rest_route=%2Fwp%2Fv2%2Fproduct_brand&post=1773"},{"taxonomy":"product_cat","embeddable":true,"href":"https:\/\/zrob-swiece.pl\/index.php?rest_route=%2Fwp%2Fv2%2Fproduct_cat&post=1773"},{"taxonomy":"product_tag","embeddable":true,"href":"https:\/\/zrob-swiece.pl\/index.php?rest_route=%2Fwp%2Fv2%2Fproduct_tag&post=1773"}],"curies":[{"name":"wp","href":"https:\/\/api.w.org\/{rel}","templated":true}]}}